{"id":8967,"date":"2022-01-14T15:23:47","date_gmt":"2022-01-14T15:23:47","guid":{"rendered":"http:\/\/kasinobonus.ai.dedivirt842.your-server.de\/kasinobonus\/"},"modified":"2025-08-07T14:13:36","modified_gmt":"2025-08-07T14:13:36","slug":"kasinobonus","status":"publish","type":"page","link":"https:\/\/kasinobonus.ai\/de\/","title":{"rendered":"Kasinobonus"},"content":{"rendered":"\n<h1 class=\"wp-block-heading\">Online Casino Bonus in Deutschland<\/h1>\n\n\n\n<p>Eine der h\u00e4ufigsten \u00c4u\u00dferungen, die ich von Besuchern von KasinoBonus geh\u00f6rt habe, war, dass sie zwar wussten, dass es Boni gibt, aber nicht wussten, wie man sie bekommt. Mit den Tausenden von Online Casinos, die es heutzutage gibt, und den Dutzenden von verschiedenen Bonusangeboten, kann es fast unm\u00f6glich sein, ein Casino zu finden, das faire Bedingungen hat und einen gro\u00dfz\u00fcgigen Bonus anbietet!<\/p>\n\n\n\n<p>Das ist genau der Grund, warum ich mich entschlossen habe, diese Seite zu schreiben: um Dir dabei zu helfen, den besten Casino Bonus zu finden, um Dir zu helfen, zu verstehen, wie diese Boni funktionieren \u2013 und um Dir meine pers\u00f6nlichen Lieblingsempfehlungen zu zeigen, die Du sofort in Anspruch nehmen kannst.<\/p>\n\n\n\n<h2 class=\"wp-block-heading\">Beste Online Casino Boni 2025<\/h2>\n\n\n\n<p>Um Dir die Suche nach den besten Online Casino-Bonin so einfach wie m\u00f6glich zu machen, habe ich im Folgenden eine Tabelle mit meinen Lieblingsangeboten zusammengestellt. Hier siehst Du die Casinos, die ich empfehle, und Du findest Informationen \u00fcber den Bonus, den sie zu diesem Zeitpunkt anbieten.<\/p>\n\n\n<p>[brand_table template=&#8220;table_style_1.php&#8220; country=&#8220;DE&#8220; bonus_type=&#8220;&#8220;]<\/p>\n\n\n\n<p>Ich habe Jahre damit verbracht, eine Liste der besten Casino Boni zusammenzustellen \u2013 und ich bin immer auf der Suche nach Updates f\u00fcr diese Tabelle. Hinzu kommt, dass ich jedes Casino bzw. jeden Bonus, den ich auf KasinoBonus empfehle, selbst genutzt und getestet habe.<\/p>\n\n\n\n<h2 class=\"wp-block-heading\">Wie genau nehmen wir Casinos unter die Lupe?<\/h2>\n\n\n\n<p>Hier bei KasinoBonus habe ich mich bem\u00fcht, unseren Evaluierungsprozess so ausf\u00fchrlich, transparent und gr\u00fcndlich zu gestalten, wie es nur geht. Als Spieler wei\u00df ich, wie wichtig es ist, unparteiische und objektive Informationen \u00fcber die Casinos zu bekommen, bei denen Du Dich registrieren willst, und deshalb kann ich Dir garantieren, dass Du hier keine falschen, falschen oder voreingenommenen Inhalte finden wirst.<\/p>\n\n\n\n<p>Einige der wichtigsten Bereiche, die wir bei der \u00dcberpr\u00fcfung von Online Casinos ber\u00fccksichtigen, m\u00f6chte ich Dir im Folgenden vorstellen.<\/p>\n\n\n\n<h3 class=\"wp-block-heading\">Allgemeine Casino Recherche<\/h3>\n\n\n\n<p>Unser Prozess beginnt mit einer sehr ausf\u00fchrlichen Recherche, um die \u201eGrundlagen\u201c des Angebots eines Casinos in Erfahrung zu bringen. Wir schauen uns unter anderem an, wer der Eigent\u00fcmer der Marke ist (und ob das Casino in der Vergangenheit von anderen Unternehmen betrieben wurde), welche Online-Gl\u00fccksspiele das Casino anbietet und wie es um die allgemeine Sicherheit der Website bestellt ist.<\/p>\n\n\n\n<h3 class=\"wp-block-heading\">Praktische Tests<\/h3>\n\n\n\n<p>Als N\u00e4chstes loggt sich unser Expertenteam pers\u00f6nlich in jedes Casino ein und macht Einzahlungen mit echtem Geld und das Einl\u00f6sen von Werbeaktionen, wie es jeder neue Spieler auch tun w\u00fcrde. Auf diese Weise sind wir in der Lage, Dir eine wirklich ehrliche und realistische Einsch\u00e4tzung dessen zu geben, was Dich erwartet. Wir hinterlegen nicht nur unser eigenes Geld, sondern versuchen auch, dieses wieder auszahlen zu lassen! Das bedeutet, dass wir in der Lage sind, Dir ehrliche Informationen \u00fcber die Auszahlungsgeschwindigkeit, die Geb\u00fchren und alles andere, was Du wissen willst, zu geben.<\/p>\n\n\n\n<h3 class=\"wp-block-heading\">Spielanalyse, Auswahl der Zahlungsmethode und Kundenservice<\/h3>\n\n\n\n<p>Zus\u00e4tzlich zu den oben genannten Punkten untersucht unser Expertenteam auch die Art der Spiele, die das Casino bietet \u2013 von der Anzahl der Spieleentwickler, die angeboten werden, \u00fcber die Geschwindigkeit, mit der neue Spiele ver\u00f6ffentlicht werden, bis hin zu der Tatsache, ob es Live-Spiele gibt. Dann werfen wir einen Blick auf die Zahlungsmethoden, die Du nutzen kannst, und testen pers\u00f6nlich den Kundensupport.<\/p>\n\n\n\n<h2 class=\"wp-block-heading\">Arten von Casino-Boni<\/h2>\n\n\n\n<h3 class=\"wp-block-heading\">Willkommensboni<\/h3>\n\n\n\n<p>Willkommensboni sind bei weitem die h\u00e4ufigste und beliebteste Art von Werbeaktionen in Online Casinos. Diese Angebote belohnen Dich daf\u00fcr, dass Du Dich als neuer Spieler im Online Casino anmeldest. Der Inhalt des Willkommensbonus kann stark variieren, meist handelt es sich aber um einen\u00a0<a href=\"https:\/\/kasinobonus.ai\/de\/einzahlungsbonus\/\">Einzahlungsbonus<\/a>, Freispiele oder eine Kombination aus beidem!<\/p>\n\n\n\n<h3 class=\"wp-block-heading\">No Deposit Boni<\/h3>\n\n\n\n<p><a href=\"https:\/\/kasinobonus.ai\/de\/bonus-ohne-einzahlung\/\">Bonus ohne Einzahlung<\/a>\u00a0sind zwar schwieriger zu bekommen, aber auch sehr beliebt. Damit kannst Du eine bestimmte Anzahl an Freispielen oder einen kleinen Geldbetrag erhalten, ohne vorher einzahlen zu m\u00fcssen!<\/p>\n\n\n\n<h3 class=\"wp-block-heading\">Freispiele<\/h3>\n\n\n\n<p><a href=\"https:\/\/kasinobonus.ai\/de\/freispiele\/\">Freispiele<\/a>\u00a0sind ideal f\u00fcr Spieler von Slots, da sie Dir die M\u00f6glichkeit geben, die Walzen eines von Dir ausgew\u00e4hlten Video Slots eine bestimmte Anzahl von Malen zu drehen. Einige Online Casinos bieten Freispiele an, wenn neue Spiele ver\u00f6ffentlicht werden. Andere bieten Freispiele im Rahmen von Treueprogrammen oder VIP-Programmen an.\u00a0<\/p>\n\n\n\n<h3 class=\"wp-block-heading\">Cashback&nbsp;<\/h3>\n\n\n\n<p>Wer vorhat, l\u00e4nger zu spielen, ist mit einem Cashback-Bonus gut abgesichert. Durch die R\u00fcckerstattung eines bestimmten Prozentsatzes Deiner Verluste kannst Du deine Spielzeit verl\u00e4ngern. So wirst Du weniger anf\u00e4llig f\u00fcr potenzielle Verluste. Cashback wird in der Regel im Rahmen eines Treue- oder Bonusprogramms angeboten.<\/p>\n\n\n\n<h3 class=\"wp-block-heading\">Reload-Boni und laufende Aktionen<\/h3>\n\n\n\n<p>Du kannst von speziellen Reload-Boni profitieren, wenn Du ein regelm\u00e4\u00dfiger Spieler in einem Casino wirst. Diese werden in der Regel in Form von Einzahlungsboni gew\u00e4hrt, wobei der Prozentsatz, den Du in Anspruch nehmen kannst, in der Regel niedriger ist als bei den Willkommensboni \u2013 oft sind es z. B. 50 %.<\/p>\n\n\n\n<h3 class=\"wp-block-heading\">High Roller Boni<\/h3>\n\n\n\n<p>Sie sind, wie der Name schon sagt, f\u00fcr Spieler gedacht, die\u2026 einfach High Roller sind! Sie bieten oft lockerere Bedingungen, haben h\u00f6here Auszahlungslimits und das Bonusgeld kann meist bei mehr Spielen eingesetzt werden.<\/p>\n\n\n\n<h3 class=\"wp-block-heading\">Bedingungen und Konditionen<\/h3>\n\n\n\n<p>Wenn Du Dich f\u00fcr einen Online Casino Bonus interessierst oder einen Bonus in Anspruch nimmst, solltest Du Dir bewusst sein, dass fast jeder Bonus, den Du in Anspruch nimmst, an Bedingungen gekn\u00fcpft ist. Hier sind einige der wichtigsten, die Du kennen solltest:<\/p>\n\n\n\n<h3 class=\"wp-block-heading\">Umsatzbedingungen<\/h3>\n\n\n\n<p>Die meisten Casinoboni sind an Umsatzbedingungen gekn\u00fcpft. Bevor Du Dir Gewinne auszahlen lassen kannst, musst Du ein bestimmtes Vielfaches des Bonusbetrags umsetzen. Wenn Du zum Beispiel einen Bonus in der H\u00f6he von 100 \u20ac beanspruchst, musst Du diesen Bonus 35 Mal umsetzen, bevor Du einen Antrag auf Auszahlung stellen kannst.<\/p>\n\n\n\n<h3 class=\"wp-block-heading\">Spielbeschr\u00e4nkungen<\/h3>\n\n\n\n<p>Nicht alle Spiele tragen in gleichem Ma\u00dfe zur Erf\u00fcllung der Umsatzbedingungen bei. Slots werden normalerweise zu 100% angerechnet, w\u00e4hrend Tischspiele wie Blackjack oder Roulette weniger oder gar nicht angerechnet werden. Casinotische und Live-Spiele sind von Boni meist komplett ausgeschlossen.<\/p>\n\n\n\n<h3 class=\"wp-block-heading\">Maximale Einsatzlimits<\/h3>\n\n\n\n<p>Wenn Du einen Bonus nutzt, legen viele Casinos ein maximales Einsatzlimit pro Spin oder Runde fest. Deine Gewinne k\u00f6nnen verfallen, wenn Du dieses Limit auch nur versehentlich \u00fcberschreitest. Dieses Limit liegt oft bei 5\u20ac pro Runde, ist aber von Casino zu Casino unterschiedlich.<\/p>\n\n\n\n<h3 class=\"wp-block-heading\">Verfallsdaten<\/h3>\n\n\n\n<p>Boni gelten nicht ewig! Die meisten Promotionen haben eine Frist f\u00fcr die Nutzung des Bonus \u2013 oft sind das 7 bis 30 Tage. Freispiele k\u00f6nnen noch k\u00fcrzer g\u00fcltig sein, manchmal nur 24 Stunden. Vergewissere Dich immer, dass Du deine Boni innerhalb des Zeitrahmens verwendest, da sie (in der Regel) nach Ablauf des Zeitraums nicht mehr r\u00fcckerstattet werden!<\/p>\n\n\n\n<h2 class=\"wp-block-heading\">Beliebte Online-Slots mit Freispiel-Bonus<\/h2>\n\n\n\n<figure class=\"wp-block-table\"><table class=\"has-fixed-layout\"><thead><tr><th>BELIEBTER ONLINE-SPIELAUTOMAT<\/th><th>ANBIETER<\/th><th>FREISPIELE (BONUS)<\/th><th>RTP<\/th><th>CASINO-MARKE<\/th><\/tr><\/thead><tbody><tr><td>Sweet\u202fBonanza<\/td><td>Pragmatic\u202fPlay<\/td><td>20\u202fFS<\/td><td>96,51\u202f%<\/td><td>Rollino<\/td><\/tr><tr><td>Book\u202fof\u202fMuseum<\/td><td>GameArt<\/td><td>25\u202fFS<\/td><td>96,10\u202f%<\/td><td>Horus\u202fCasino<\/td><\/tr><tr><td>Angry\u202fDogs<\/td><td>GameArt<\/td><td>25\u202fFS<\/td><td>96,36\u202f%<\/td><td>Kryptosino<\/td><\/tr><tr><td>Hollywoof<\/td><td>GameArt<\/td><td>25\u202fFS<\/td><td>96,10\u202f%<\/td><td>Vegaz\u202fCasino<\/td><\/tr><tr><td>Sweet\u202fBonanza<\/td><td>Pragmatic\u202fPlay<\/td><td>30\u202fFS<\/td><td>96,51\u202f%<\/td><td>Megapari<\/td><\/tr><tr><td>Book\u202fof\u202fDead<\/td><td>Play\u2019n\u202fGO<\/td><td>25\u202fFS<\/td><td>96,21\u202f%<\/td><td>BetMaximus<\/td><\/tr><tr><td>Ruby\u202fWin \u2013 Hold\u202fthe\u202fSpin<\/td><td>Gamzix<\/td><td>25\u202fFS<\/td><td>96,00\u202f%<\/td><td>LevelUp\u202fCasino<\/td><\/tr><tr><td>Joker\u202fStoker<\/td><td>Endorphina<\/td><td>100\u202fFS<\/td><td>96,00\u202f%<\/td><td>BetFury<\/td><\/tr><tr><td>Bastet\u202fand\u202fCats<\/td><td>Betfury<\/td><td>100\u202fFS<\/td><td>96,20\u202f%<\/td><td>BetFury<\/td><\/tr><tr><td>Doors\u202fOf\u202fFresh<\/td><td>BGaming<\/td><td>50\u202fFS<\/td><td>96,85\u202f%<\/td><td>Fresh\u202fCasino<\/td><\/tr><tr><td>Gates\u202fof\u202fOlympus<\/td><td>Pragmatic\u202fPlay<\/td><td>50\u202fFS<\/td><td>96,50\u202f%<\/td><td>Campeonbet<\/td><\/tr><tr><td>Alien\u202fFruits<\/td><td>BGaming<\/td><td>50\u202fFS<\/td><td>97,00\u202f%<\/td><td>Drip\u202fCasino<\/td><\/tr><\/tbody><\/table><\/figure>\n\n\n\n<h2 class=\"wp-block-heading\">Ressourcen f\u00fcr verantwortungsbewusstes Gl\u00fccksspiel<\/h2>\n\n\n\n<ul class=\"wp-block-list\">\n<li><a class=\"\" href=\"https:\/\/gluecksspiel-behoerde.de\/\">https:\/\/gluecksspiel-behoerde.de<\/a><\/li>\n\n\n\n<li><a class=\"\" href=\"https:\/\/www.check-dein-spiel.de\/\">https:\/\/www.check-dein-spiel.de<\/a><\/li>\n\n\n\n<li><a>https:\/\/gluecksspiel.uni-hohenheim.de<\/a><\/li>\n<\/ul>\n","protected":false},"excerpt":{"rendered":"<p>Online Casino Bonus in Deutschland Eine der h\u00e4ufigsten \u00c4u\u00dferungen, die ich von Besuchern von KasinoBonus geh\u00f6rt habe, war, dass sie zwar wussten, dass es Boni gibt, aber nicht wussten, wie man sie bekommt. Mit den Tausenden von Online Casinos, die es heutzutage gibt, und den Dutzenden von verschiedenen Bonusangeboten, kann es fast unm\u00f6glich sein, ein [&hellip;]<\/p>\n","protected":false},"author":1,"featured_media":6091,"parent":0,"menu_order":0,"comment_status":"open","ping_status":"closed","template":"","meta":{"inline_featured_image":false,"footnotes":""},"class_list":["post-8967","page","type-page","status-publish","has-post-thumbnail","hentry"],"yoast_head":"<!-- This site is optimized with the Yoast SEO plugin v24.5 - https:\/\/yoast.com\/wordpress\/plugins\/seo\/ -->\n<title>Online Casino Boni in Deutschland (Bewertung 2025) -<\/title>\n<meta name=\"description\" content=\"Kasinobonus f\u00fcr das Jahr 2025 aufgelistet! Finde den besten casino bonus und nutze die unvergleichlichen Vorteile beim Spielen. Viel Gl\u00fcck!\" \/>\n<meta name=\"robots\" content=\"index, follow, max-snippet:-1, max-image-preview:large, max-video-preview:-1\" \/>\n<link rel=\"canonical\" href=\"https:\/\/kasinobonus.ai\/de\/\" \/>\n<script type=\"application\/ld+json\" class=\"yoast-schema-graph\">{\"@context\":\"https:\/\/schema.org\",\"@graph\":[{\"@type\":\"WebPage\",\"@id\":\"https:\/\/kasinobonus.ai\/de\/\",\"url\":\"https:\/\/kasinobonus.ai\/de\/\",\"name\":\"Online Casino Boni in Deutschland (Bewertung 2025) -\",\"isPartOf\":{\"@id\":\"https:\/\/www.kasinobonus.ai\/de\/#website\"},\"primaryImageOfPage\":{\"@id\":\"https:\/\/kasinobonus.ai\/de\/#primaryimage\"},\"image\":{\"@id\":\"https:\/\/kasinobonus.ai\/de\/#primaryimage\"},\"thumbnailUrl\":\"https:\/\/kasinobonus.ai\/wp-content\/uploads\/2023\/09\/kasinobonuslogo.jpg\",\"datePublished\":\"2022-01-14T15:23:47+00:00\",\"dateModified\":\"2025-08-07T14:13:36+00:00\",\"description\":\"Kasinobonus f\u00fcr das Jahr 2025 aufgelistet! Finde den besten casino bonus und nutze die unvergleichlichen Vorteile beim Spielen. Viel Gl\u00fcck!\",\"breadcrumb\":{\"@id\":\"https:\/\/kasinobonus.ai\/de\/#breadcrumb\"},\"inLanguage\":\"de\",\"potentialAction\":[{\"@type\":\"ReadAction\",\"target\":[\"https:\/\/kasinobonus.ai\/de\/\"]}]},{\"@type\":\"ImageObject\",\"inLanguage\":\"de\",\"@id\":\"https:\/\/kasinobonus.ai\/de\/#primaryimage\",\"url\":\"https:\/\/kasinobonus.ai\/wp-content\/uploads\/2023\/09\/kasinobonuslogo.jpg\",\"contentUrl\":\"https:\/\/kasinobonus.ai\/wp-content\/uploads\/2023\/09\/kasinobonuslogo.jpg\",\"width\":1200,\"height\":628,\"caption\":\"kasinobonuslogo\"},{\"@type\":\"BreadcrumbList\",\"@id\":\"https:\/\/kasinobonus.ai\/de\/#breadcrumb\",\"itemListElement\":[{\"@type\":\"ListItem\",\"position\":1,\"name\":\"Home\",\"item\":\"https:\/\/kasinobonus.ai\/de\/\"},{\"@type\":\"ListItem\",\"position\":2,\"name\":\"Kasinobonus\"}]},{\"@type\":\"WebSite\",\"@id\":\"https:\/\/www.kasinobonus.ai\/de\/#website\",\"url\":\"https:\/\/www.kasinobonus.ai\/de\/\",\"name\":\"kasinobonus.ai\",\"description\":\"\",\"publisher\":{\"@id\":\"https:\/\/www.kasinobonus.ai\/de\/#organization\"},\"potentialAction\":[{\"@type\":\"SearchAction\",\"target\":{\"@type\":\"EntryPoint\",\"urlTemplate\":\"https:\/\/www.kasinobonus.ai\/de\/?s={search_term_string}\"},\"query-input\":{\"@type\":\"PropertyValueSpecification\",\"valueRequired\":true,\"valueName\":\"search_term_string\"}}],\"inLanguage\":\"de\"},{\"@type\":\"Organization\",\"@id\":\"https:\/\/www.kasinobonus.ai\/de\/#organization\",\"name\":\"KasinoBonus\",\"alternateName\":\"KasinoBonusAI\",\"url\":\"https:\/\/www.kasinobonus.ai\/de\/\",\"logo\":{\"@type\":\"ImageObject\",\"inLanguage\":\"de\",\"@id\":\"https:\/\/www.kasinobonus.ai\/de\/#\/schema\/logo\/image\/\",\"url\":\"https:\/\/kasinobonus.ai\/wp-content\/uploads\/2023\/09\/kasinobonus-logo-light.png\",\"contentUrl\":\"https:\/\/kasinobonus.ai\/wp-content\/uploads\/2023\/09\/kasinobonus-logo-light.png\",\"width\":3200,\"height\":596,\"caption\":\"KasinoBonus\"},\"image\":{\"@id\":\"https:\/\/www.kasinobonus.ai\/de\/#\/schema\/logo\/image\/\"},\"sameAs\":[\"https:\/\/www.facebook.com\/kasinobonusio\/\",\"https:\/\/x.com\/Kasinobonus_io\",\"https:\/\/www.linkedin.com\/in\/matti-slotte-26612033b\",\"http:\/\/kasinobonus.wikidot.com\/system:welcome\",\"https:\/\/www.trustpilot.com\/review\/kasinobonus.ai\",\"https:\/\/orcid.org\/0009-0007-2889-1713\",\"https:\/\/en.everybodywiki.com\/Matti_Slotte\",\"https:\/\/www.immuniweb.com\/ssl\/kasinobonus.ai\/M4lqCqYY\/\"]}]}<\/script>\n<!-- \/ Yoast SEO plugin. -->","yoast_head_json":{"title":"Online Casino Boni in Deutschland (Bewertung 2025) -","description":"Kasinobonus f\u00fcr das Jahr 2025 aufgelistet! Finde den besten casino bonus und nutze die unvergleichlichen Vorteile beim Spielen. Viel Gl\u00fcck!","robots":{"index":"index","follow":"follow","max-snippet":"max-snippet:-1","max-image-preview":"max-image-preview:large","max-video-preview":"max-video-preview:-1"},"canonical":"https:\/\/kasinobonus.ai\/de\/","schema":{"@context":"https:\/\/schema.org","@graph":[{"@type":"WebPage","@id":"https:\/\/kasinobonus.ai\/de\/","url":"https:\/\/kasinobonus.ai\/de\/","name":"Online Casino Boni in Deutschland (Bewertung 2025) -","isPartOf":{"@id":"https:\/\/www.kasinobonus.ai\/de\/#website"},"primaryImageOfPage":{"@id":"https:\/\/kasinobonus.ai\/de\/#primaryimage"},"image":{"@id":"https:\/\/kasinobonus.ai\/de\/#primaryimage"},"thumbnailUrl":"https:\/\/kasinobonus.ai\/wp-content\/uploads\/2023\/09\/kasinobonuslogo.jpg","datePublished":"2022-01-14T15:23:47+00:00","dateModified":"2025-08-07T14:13:36+00:00","description":"Kasinobonus f\u00fcr das Jahr 2025 aufgelistet! Finde den besten casino bonus und nutze die unvergleichlichen Vorteile beim Spielen. Viel Gl\u00fcck!","breadcrumb":{"@id":"https:\/\/kasinobonus.ai\/de\/#breadcrumb"},"inLanguage":"de","potentialAction":[{"@type":"ReadAction","target":["https:\/\/kasinobonus.ai\/de\/"]}]},{"@type":"ImageObject","inLanguage":"de","@id":"https:\/\/kasinobonus.ai\/de\/#primaryimage","url":"https:\/\/kasinobonus.ai\/wp-content\/uploads\/2023\/09\/kasinobonuslogo.jpg","contentUrl":"https:\/\/kasinobonus.ai\/wp-content\/uploads\/2023\/09\/kasinobonuslogo.jpg","width":1200,"height":628,"caption":"kasinobonuslogo"},{"@type":"BreadcrumbList","@id":"https:\/\/kasinobonus.ai\/de\/#breadcrumb","itemListElement":[{"@type":"ListItem","position":1,"name":"Home","item":"https:\/\/kasinobonus.ai\/de\/"},{"@type":"ListItem","position":2,"name":"Kasinobonus"}]},{"@type":"WebSite","@id":"https:\/\/www.kasinobonus.ai\/de\/#website","url":"https:\/\/www.kasinobonus.ai\/de\/","name":"kasinobonus.ai","description":"","publisher":{"@id":"https:\/\/www.kasinobonus.ai\/de\/#organization"},"potentialAction":[{"@type":"SearchAction","target":{"@type":"EntryPoint","urlTemplate":"https:\/\/www.kasinobonus.ai\/de\/?s={search_term_string}"},"query-input":{"@type":"PropertyValueSpecification","valueRequired":true,"valueName":"search_term_string"}}],"inLanguage":"de"},{"@type":"Organization","@id":"https:\/\/www.kasinobonus.ai\/de\/#organization","name":"KasinoBonus","alternateName":"KasinoBonusAI","url":"https:\/\/www.kasinobonus.ai\/de\/","logo":{"@type":"ImageObject","inLanguage":"de","@id":"https:\/\/www.kasinobonus.ai\/de\/#\/schema\/logo\/image\/","url":"https:\/\/kasinobonus.ai\/wp-content\/uploads\/2023\/09\/kasinobonus-logo-light.png","contentUrl":"https:\/\/kasinobonus.ai\/wp-content\/uploads\/2023\/09\/kasinobonus-logo-light.png","width":3200,"height":596,"caption":"KasinoBonus"},"image":{"@id":"https:\/\/www.kasinobonus.ai\/de\/#\/schema\/logo\/image\/"},"sameAs":["https:\/\/www.facebook.com\/kasinobonusio\/","https:\/\/x.com\/Kasinobonus_io","https:\/\/www.linkedin.com\/in\/matti-slotte-26612033b","http:\/\/kasinobonus.wikidot.com\/system:welcome","https:\/\/www.trustpilot.com\/review\/kasinobonus.ai","https:\/\/orcid.org\/0009-0007-2889-1713","https:\/\/en.everybodywiki.com\/Matti_Slotte","https:\/\/www.immuniweb.com\/ssl\/kasinobonus.ai\/M4lqCqYY\/"]}]}},"_links":{"self":[{"href":"https:\/\/kasinobonus.ai\/de\/wp-json\/wp\/v2\/pages\/8967","targetHints":{"allow":["GET"]}}],"collection":[{"href":"https:\/\/kasinobonus.ai\/de\/wp-json\/wp\/v2\/pages"}],"about":[{"href":"https:\/\/kasinobonus.ai\/de\/wp-json\/wp\/v2\/types\/page"}],"author":[{"embeddable":true,"href":"https:\/\/kasinobonus.ai\/de\/wp-json\/wp\/v2\/users\/1"}],"replies":[{"embeddable":true,"href":"https:\/\/kasinobonus.ai\/de\/wp-json\/wp\/v2\/comments?post=8967"}],"version-history":[{"count":4,"href":"https:\/\/kasinobonus.ai\/de\/wp-json\/wp\/v2\/pages\/8967\/revisions"}],"predecessor-version":[{"id":35298,"href":"https:\/\/kasinobonus.ai\/de\/wp-json\/wp\/v2\/pages\/8967\/revisions\/35298"}],"wp:featuredmedia":[{"embeddable":true,"href":"https:\/\/kasinobonus.ai\/de\/wp-json\/wp\/v2\/media\/6091"}],"wp:attachment":[{"href":"https:\/\/kasinobonus.ai\/de\/wp-json\/wp\/v2\/media?parent=8967"}],"curies":[{"name":"wp","href":"https:\/\/api.w.org\/{rel}","templated":true}]}}