{"id":13229,"date":"2023-08-29T13:49:37","date_gmt":"2023-08-29T13:49:37","guid":{"rendered":"http:\/\/kasinobonus.ai.dedivirt842.your-server.de\/talletusbonukset\/"},"modified":"2025-06-22T15:12:34","modified_gmt":"2025-06-22T15:12:34","slug":"bonos-por-deposito","status":"publish","type":"page","link":"https:\/\/kasinobonus.ai\/es\/bonos-por-deposito\/","title":{"rendered":"Mejores Bonos"},"content":{"rendered":"\n<h1 class=\"wp-block-heading\">Mejores Bonos por Dep\u00f3sito Comparados<\/h1>\n\n\n\n<p>Si deseas reclamar una bonificaci\u00f3n por dep\u00f3sito en un casino del Espa\u00f1a, es posible que te preguntes&#8230; qu\u00e9 es realmente un bono por dep\u00f3sito&#8230; c\u00f3mo funcionan&#8230; c\u00f3mo reclamarlos&#8230; y qu\u00e9 <em>tipos <\/em>de bonificaciones hay disponibles.<\/p>\n\n\n\n<p>Hoy, en esta p\u00e1gina, voy a explicarte <em>exactamente <\/em>qu\u00e9 son los bonos de dep\u00f3sito, qu\u00e9 puedes esperar al solicitarlos y tambi\u00e9n te explicar\u00e9 algunos de los t\u00e9rminos y condiciones b\u00e1sicos que se aplican a estas bonificaciones, \u00a1para que puedas disfrutar de las tuyas sin tener que preocuparte por infringir ninguna norma! Para empezar, voy a mostrarte algunas de las mejores ofertas de bonos de dep\u00f3sito de casino disponibles en la actualidad.<\/p>\n\n\n\n<h2 class=\"wp-block-heading\">Las Mejores Promociones de Bonos de Dep\u00f3sito de Casino en 2025<\/h2>\n\n\n\n<p>Si est\u00e1s buscando los mejores bonos de casino del Espa\u00f1a pero no tienes ni idea de d\u00f3nde buscar o por d\u00f3nde empezar, me alegra decirte que en KasinoBonus hemos hecho todo el trabajo duro por ti. A continuaci\u00f3n, ver\u00e1s una lista personalizada de los mejores casinos que ofrecen los mejores bonos en este momento, \u00a1todos ellos seleccionados a mano por nuestro equipo de expertos!<\/p>\n\n\n<p>[brand_table template=\u00bbtable_style_1.php\u00bb country=\u00bbES\u00bb bonus=\u00bb\u00bb]<\/p>\n\n\n\n<p>Si encuentras un casino o un bono que te parece interesante, \u00a1simplemente pulsa el bot\u00f3n \u201cJugar ahora\u201d para registrarte y reclamarlo!<\/p>\n\n\n\n<h2 class=\"wp-block-heading\">C\u00f3mo Evaluamos los Casinos<\/h2>\n\n\n\n<p>Aqu\u00ed, en KasinoBonus, adoptamos un enfoque muy centrado en el jugador en todas nuestras rese\u00f1as de casinos. De hecho, nuestro proceso de revisi\u00f3n en profundidad es mucho m\u00e1s exhaustivo que el de la mayor\u00eda de nuestros competidores, y la raz\u00f3n principal de ello es el hecho de que realmente nos registramos, depositamos y jugamos en todos los casinos que evaluamos.<\/p>\n\n\n\n<p>Tambi\u00e9n comprobamos otros factores como la variedad de juegos, las opciones de m\u00e9todos de pago, la velocidad de retirada de fondos e incluso probamos los servicios de atenci\u00f3n al cliente, \u00a1para que sepas exactamente qu\u00e9 esperar cuando juegues!<\/p>\n\n\n\n<h2 class=\"wp-block-heading\">Tipos de Bonos de Dep\u00f3sito<\/h2>\n\n\n\n<p>Las bonificaciones por dep\u00f3sito se presentan en MUCHAS formas diferentes, y no importa qu\u00e9 tipo de jugador seas, \u00a1encontrar\u00e1s una que se adapte a ti! A continuaci\u00f3n, voy a explicarte algunos de los tipos m\u00e1s comunes de bonos por dep\u00f3sito que encontrar\u00e1s en l\u00ednea hoy en d\u00eda.<\/p>\n\n\n\n<h3 class=\"wp-block-heading\">Bonos de Dep\u00f3sito de Bienvenida<\/h3>\n\n\n\n<p>El tipo m\u00e1s com\u00fan de bonificaci\u00f3n por dep\u00f3sito es el <a href=\"https:\/\/kasinobonus.ai\/es\/bono-de-ienvenida\/\">Bono de Bienvenida<\/a>, que se ofrece a los nuevos jugadores cuando se registran. Estas bonificaciones suelen igualar tu primer dep\u00f3sito en un <a href=\"https:\/\/kasinobonus.ai\/es\/bono-de-deposito-del-100\/\">100%<\/a>, <a href=\"https:\/\/kasinobonus.ai\/es\/bono-de-deposito-del-200\/\">200%<\/a> o incluso <a href=\"https:\/\/kasinobonus.ai\/es\/bono-de-deposito-del-300\/\">300%<\/a> , \u00a1d\u00e1ndote dinero extra para jugar! Algunos casinos van un paso m\u00e1s all\u00e1 y combinan estas bonificaciones de dep\u00f3sito con otras ventajas, \u00a1como giros gratis o incluso reembolsos (cashback)!<\/p>\n\n\n\n<h3 class=\"wp-block-heading\">Bonificaci\u00f3n por Dep\u00f3sito de Recarga<\/h3>\n\n\n\n<p>Una bonificaci\u00f3n por recarga es una oferta de dep\u00f3sito disponible para los jugadores actuales. Estos bonos te animan a realizar dep\u00f3sitos adicionales ofreci\u00e9ndote fondos extra o giros gratis, a menudo en tu segundo, tercer y cuarto dep\u00f3sito. A diferencia de los bonos de bienvenida, los <strong>bonos de recarga<\/strong> pueden ser menores, a menudo oscilan entre el 25% y el 100%, pero siguen siendo una promoci\u00f3n s\u00f3lida, y algunos sitios incluso los ofrecen tambi\u00e9n a los jugadores habituales.<\/p>\n\n\n\n<h3 class=\"wp-block-heading\">Bonos de Dep\u00f3sito para Grandes Apostadores<\/h3>\n\n\n\n<p>Los bonos de dep\u00f3sito para grandes apostadores son promociones especiales dise\u00f1adas para&#8230; grandes apostadores. Estas bonificaciones suelen estar disponibles en cantidades mucho mayores, y a veces tambi\u00e9n vienen con t\u00e9rminos y condiciones menos estrictos. Algunos casinos incluso ofrecen bonos de <a href=\"https:\/\/kasinobonus.ai\/es\/bono-de-deposito-del-400\/\">400%<\/a> o <a href=\"https:\/\/kasinobonus.ai\/es\/bono-de-deposito-del-500\/\">500%<\/a> , lo que representa una excelente oportunidad para maximizar tu bankroll.<\/p>\n\n\n\n<h3 class=\"wp-block-heading\">Bonos de Dep\u00f3sito Sin Apuesta<\/h3>\n\n\n\n<p>Una bonificaci\u00f3n de dep\u00f3sito sin apuesta es una de las promociones m\u00e1s favorables para los jugadores. Con este tipo de bonificaci\u00f3n, cualquier ganancia que obtengas se paga en efectivo real, lo que significa que puedes retirarla inmediatamente sin tener que cumplir ninguna condici\u00f3n de apuesta. Si est\u00e1s buscando este tipo de oferta, consulta nuestro an\u00e1lisis del <a href=\"https:\/\/kasinobonus.ai\/es\/non-sticky-bonus\/\">Non Sticky Bonus<\/a>.<\/p>\n\n\n\n<h3 class=\"wp-block-heading\">Bonos de Dep\u00f3sito de Giros Gratis<\/h3>\n\n\n\n<p>Algunos casinos ofrecen giros gratis como parte de un bono de dep\u00f3sito, ya sea junto con un bono igualado o como recompensa principal. Por ejemplo, un casino puede darte el 100% hasta 200\u00a3 m\u00e1s 50 giros gratis en Starburst. Los giros gratis pueden utilizarse en juegos de tragamonedas espec\u00edficos o en una serie de juegos, dependiendo de las condiciones de esa promoci\u00f3n concreta.<\/p>\n\n\n\n<h2 class=\"wp-block-heading\">T\u00e9rminos y Condiciones de los Bonos de Dep\u00f3sito<\/h2>\n\n\n\n<p>Todos los tipos de bonos de dep\u00f3sito vienen acompa\u00f1ados de una serie de t\u00e9rminos y condiciones, y es muy importante conocerlos antes de empezar a jugar. A continuaci\u00f3n, voy a explicarte algunos de los t\u00e9rminos m\u00e1s comunes que encontrar\u00e1s al solicitar bonos de dep\u00f3sito en Espa\u00f1a.<\/p>\n\n\n\n<h3 class=\"wp-block-heading\">Requisitos de Apuesta<\/h3>\n\n\n\n<p>Uno de los aspectos m\u00e1s importantes de una bonificaci\u00f3n por dep\u00f3sito es el requisito de apuesta. \u00c9ste dicta cu\u00e1ntas veces debe apostar su bonificaci\u00f3n antes de retirar cualquier ganancia. Algunos casinos ofrecen bonos de apuestas bajas o nulas, \u00a1pero algunos pueden llegar hasta 70 veces!<\/p>\n\n\n\n<h3 class=\"wp-block-heading\">Cantidad M\u00ednima de Dep\u00f3sito<\/h3>\n\n\n\n<p>La mayor\u00eda de los bonos de dep\u00f3sito requieren un <strong>dep\u00f3sito m\u00ednimo<\/strong> para poder optar a ellos. Esta cantidad suele oscilar entre <strong>10 y 20 libras<\/strong>, dependiendo del casino.<\/p>\n\n\n\n<h3 class=\"wp-block-heading\">Fecha de Caducidad de los Bonos<\/h3>\n\n\n\n<p>La mayor\u00eda de las bonificaciones por dep\u00f3sito deben utilizarse en un plazo determinado. Si no cumples los requisitos en el plazo establecido, es probable que pierdas tus fondos.<\/p>\n\n\n\n<h3 class=\"wp-block-heading\">Restricciones del Juego<\/h3>\n\n\n\n<p>No todos los juegos contribuyen por igual a los requisitos de apuesta. Las tragamonedas suelen aportar el 100%, mientras que los juegos de mesa como el blackjack y la ruleta pueden aportar solo el 10% o nada en absoluto.<\/p>\n\n\n\n<h3 class=\"wp-block-heading\">Ganancias M\u00e1ximas y L\u00edmites de Retiradas<\/h3>\n\n\n\n<p>Algunos bonos de dep\u00f3sito imponen un l\u00edmite m\u00e1ximo de ganancias, lo que significa que est\u00e1s limitado a ganar una cierta cantidad de dinero. La posibilidad de que exista un l\u00edmite m\u00e1ximo de ganancias aumenta significativamente si reclamas un bono sin dep\u00f3sito.<\/p>\n\n\n\n<p>Con esta gu\u00eda detallada, ahora est\u00e1s listo para elegir el bono de dep\u00f3sito que mejor se adapte a ti. \u00a1Buena suerte!<\/p>\n\n\n\n<h2 class=\"wp-block-heading\">Ventajas &amp; Inconvenientes<\/h2>\n\n\n\n<figure class=\"wp-block-image size-full\"><img decoding=\"async\" width=\"1000\" height=\"666\" src=\"https:\/\/kasinobonus.ai\/wp-content\/uploads\/2025\/06\/KB-Bonos-por-Deposito.jpg\" alt=\"KB Bonos por Dep\u00f3sito\" class=\"wp-image-29758\" srcset=\"https:\/\/kasinobonus.ai\/wp-content\/uploads\/2025\/06\/KB-Bonos-por-Deposito.jpg 1000w, https:\/\/kasinobonus.ai\/wp-content\/uploads\/2025\/06\/KB-Bonos-por-Deposito-300x200.jpg 300w, https:\/\/kasinobonus.ai\/wp-content\/uploads\/2025\/06\/KB-Bonos-por-Deposito-768x511.jpg 768w, https:\/\/kasinobonus.ai\/wp-content\/uploads\/2025\/06\/KB-Bonos-por-Deposito-110x73.jpg 110w, https:\/\/kasinobonus.ai\/wp-content\/uploads\/2025\/06\/KB-Bonos-por-Deposito-575x383.jpg 575w\" sizes=\"(max-width: 1000px) 100vw, 1000px\" \/><\/figure>\n\n\n\n<div class=\"wp-block-columns is-layout-flex wp-container-core-columns-is-layout-28f84493 wp-block-columns-is-layout-flex\">\n<div class=\"wp-block-column is-layout-flow wp-block-column-is-layout-flow\">\n<h3 class=\"wp-block-heading\">\u2705 Ventajas<\/h3>\n\n\n\n<ul class=\"wp-block-list\">\n<li>\u2705 Montos de bonificaci\u00f3n m\u00e1s altos en comparaci\u00f3n con las ofertas sin dep\u00f3sito<\/li>\n\n\n\n<li>\u2705 Desbloquea el acceso a paquetes de bienvenida y beneficios VIP<\/li>\n\n\n\n<li>\u2705 A menudo incluye tanto dinero extra como giros gratuitos<\/li>\n\n\n\n<li>\u2705 Gran valor para los jugadores que ya planean depositar<\/li>\n\n\n\n<li>\u2705 Ampliamente aceptado en la mayor\u00eda de los casinos en l\u00ednea<\/li>\n<\/ul>\n<\/div>\n\n\n\n<div class=\"wp-block-column is-layout-flow wp-block-column-is-layout-flow\">\n<h3 class=\"wp-block-heading\">\u274c Desventajas<\/h3>\n\n\n\n<ul class=\"wp-block-list\">\n<li>\u274c Viene con requisitos de apuesta (a veces 30x\u201350x)<\/li>\n\n\n\n<li>\u274c Los fondos de bonificaci\u00f3n pueden bloquearse hasta que se cumplan las condiciones<\/li>\n\n\n\n<li>\u274c Algunos juegos est\u00e1n excluidos del juego de bonificaci\u00f3n<\/li>\n\n\n\n<li>\u274c Pueden aplicarse l\u00edmites m\u00e1ximos de apuestas al usar la bonificaci\u00f3n<\/li>\n\n\n\n<li>\u274c El retiro suele estar restringido hasta que se liquide la bonificaci\u00f3n<\/li>\n<\/ul>\n<\/div>\n<\/div>\n\n\n\n<h2 class=\"wp-block-heading\">Los mejores bonos de dep\u00f3sito en Espa\u00f1a<\/h2>\n\n\n\n<figure class=\"wp-block-table\"><table class=\"has-fixed-layout\"><thead><tr><th>Casino<\/th><th>Bono<\/th><th>Condiciones<\/th><th>C\u00f3digo\/Nota<\/th><th>Enlace<\/th><\/tr><\/thead><tbody><tr><td>FatPirate<\/td><td>Bono de bienvenida del 100% hasta 500\u202f\u20ac + 200 giros gratis<\/td><td>Bono con dep\u00f3sito<\/td><td>\u2013<\/td><td><a href=\"https:\/\/kasinobonus.ai\/go\/fatpirate\">Jugar ahora<\/a><\/td><\/tr><tr><td>Jet Casino<\/td><td>50 tiradas gratis sin dep\u00f3sito + Bono 100% hasta 300\u202f\u20ac<\/td><td>Sin dep\u00f3sito + bono con dep\u00f3sito<\/td><td>EXCLUSIVA<\/td><td><a href=\"https:\/\/kasinobonus.ai\/go\/jet\">Jugar ahora<\/a><\/td><\/tr><tr><td>Bet on Red<\/td><td>50 tiradas gratis sin dep\u00f3sito + Bono 100% hasta 100\u202f\u20ac + 150 giros a Gates of Olympus<\/td><td>Sin dep\u00f3sito + bono con dep\u00f3sito<\/td><td>BLITZ3<\/td><td><a href=\"https:\/\/kasinobonus.ai\/go\/betonred\">Jugar ahora<\/a><\/td><\/tr><tr><td>Drip Casino<\/td><td>50 tiradas gratis sin dep\u00f3sito + Bono del 150% hasta 600\u202f\u20ac<\/td><td>Sin dep\u00f3sito + bono con dep\u00f3sito<\/td><td>EXCLUSIVA<\/td><td><a href=\"https:\/\/kasinobonus.ai\/go\/drip\">Jugar ahora<\/a><\/td><\/tr><tr><td>Candy Casino<\/td><td>Bono sin dep\u00f3sito de 50\u202f\u20ac = 100 tiradas gratis (0,50\u202f\u20ac\/tirada). Apuesta x20, m\u00e1x. 3\u202f\u20ac por giro.<\/td><td>Completar KYC + email verificado<\/td><td>Valor: 50\u202f\u20ac sin dep\u00f3sito<\/td><td><a href=\"https:\/\/kasinobonus.ai\/go\/candy\">Jugar ahora<\/a><\/td><\/tr><\/tbody><\/table><\/figure>\n\n\n\n<h2 class=\"wp-block-heading\" id=\"tw-target-text\">Recursos sobre juego responsable<\/h2>\n\n\n\n<ul class=\"wp-block-list\">\n<li><a href=\"https:\/\/www.jugarbien.es\">https:\/\/www.jugarbien.es<\/a><\/li>\n\n\n\n<li><a href=\"https:\/\/www.ordenacionjuego.gob.es\">https:\/\/www.ordenacionjuego.gob.es<\/a> <\/li>\n\n\n\n<li><a href=\"https:\/\/fejar.org\/\">https:\/\/fejar.org\/<\/a>  <\/li>\n\n\n\n<li><a href=\"https:\/\/www.juegoesresponsable.org\/\">https:\/\/www.juegoesresponsable.org\/<\/a><\/li>\n<\/ul>\n","protected":false},"excerpt":{"rendered":"<p>Mejores Bonos por Dep\u00f3sito Comparados Si deseas reclamar una bonificaci\u00f3n por dep\u00f3sito en un casino del Espa\u00f1a, es posible que te preguntes&#8230; qu\u00e9 es realmente un bono por dep\u00f3sito&#8230; c\u00f3mo funcionan&#8230; c\u00f3mo reclamarlos&#8230; y qu\u00e9 tipos de bonificaciones hay disponibles. Hoy, en esta p\u00e1gina, voy a explicarte exactamente qu\u00e9 son los bonos de dep\u00f3sito, qu\u00e9 [&hellip;]<\/p>\n","protected":false},"author":1,"featured_media":13257,"parent":0,"menu_order":0,"comment_status":"open","ping_status":"closed","template":"","meta":{"inline_featured_image":false,"footnotes":""},"class_list":["post-13229","page","type-page","status-publish","has-post-thumbnail","hentry"],"yoast_head":"<!-- This site is optimized with the Yoast SEO plugin v24.5 - https:\/\/yoast.com\/wordpress\/plugins\/seo\/ -->\n<title>Bonos por Dep\u00f3sito 2025 - kasinobonus.ai<\/title>\n<meta name=\"description\" content=\"Los mejores bonos por dep\u00f3sito. Encuentra los casinos con el bono de dep\u00f3sito m\u00e1s atractivo del mercado y \u00a1comienza a jugar de inmediato!\" \/>\n<meta name=\"robots\" content=\"index, follow, max-snippet:-1, max-image-preview:large, max-video-preview:-1\" \/>\n<link rel=\"canonical\" href=\"https:\/\/kasinobonus.ai\/es\/bonos-por-deposito\/\" \/>\n<script type=\"application\/ld+json\" class=\"yoast-schema-graph\">{\"@context\":\"https:\/\/schema.org\",\"@graph\":[{\"@type\":\"WebPage\",\"@id\":\"https:\/\/kasinobonus.ai\/es\/bonos-por-deposito\/\",\"url\":\"https:\/\/kasinobonus.ai\/es\/bonos-por-deposito\/\",\"name\":\"Bonos por Dep\u00f3sito 2025 - kasinobonus.ai\",\"isPartOf\":{\"@id\":\"https:\/\/kasinobonus.ai\/es\/#website\"},\"primaryImageOfPage\":{\"@id\":\"https:\/\/kasinobonus.ai\/es\/bonos-por-deposito\/#primaryimage\"},\"image\":{\"@id\":\"https:\/\/kasinobonus.ai\/es\/bonos-por-deposito\/#primaryimage\"},\"thumbnailUrl\":\"https:\/\/kasinobonus.ai\/wp-content\/uploads\/2024\/01\/bonos_por_deposito.jpg\",\"datePublished\":\"2023-08-29T13:49:37+00:00\",\"dateModified\":\"2025-06-22T15:12:34+00:00\",\"description\":\"Los mejores bonos por dep\u00f3sito. Encuentra los casinos con el bono de dep\u00f3sito m\u00e1s atractivo del mercado y \u00a1comienza a jugar de inmediato!\",\"breadcrumb\":{\"@id\":\"https:\/\/kasinobonus.ai\/es\/bonos-por-deposito\/#breadcrumb\"},\"inLanguage\":\"es\",\"potentialAction\":[{\"@type\":\"ReadAction\",\"target\":[\"https:\/\/kasinobonus.ai\/es\/bonos-por-deposito\/\"]}]},{\"@type\":\"ImageObject\",\"inLanguage\":\"es\",\"@id\":\"https:\/\/kasinobonus.ai\/es\/bonos-por-deposito\/#primaryimage\",\"url\":\"https:\/\/kasinobonus.ai\/wp-content\/uploads\/2024\/01\/bonos_por_deposito.jpg\",\"contentUrl\":\"https:\/\/kasinobonus.ai\/wp-content\/uploads\/2024\/01\/bonos_por_deposito.jpg\",\"width\":1200,\"height\":628,\"caption\":\"bonos por deposito\"},{\"@type\":\"BreadcrumbList\",\"@id\":\"https:\/\/kasinobonus.ai\/es\/bonos-por-deposito\/#breadcrumb\",\"itemListElement\":[{\"@type\":\"ListItem\",\"position\":1,\"name\":\"Home\",\"item\":\"https:\/\/kasinobonus.ai\/es\/\"},{\"@type\":\"ListItem\",\"position\":2,\"name\":\"Mejores Bonos\"}]},{\"@type\":\"WebSite\",\"@id\":\"https:\/\/kasinobonus.ai\/es\/#website\",\"url\":\"https:\/\/kasinobonus.ai\/es\/\",\"name\":\"kasinobonus.ai\",\"description\":\"\",\"publisher\":{\"@id\":\"https:\/\/kasinobonus.ai\/es\/#organization\"},\"potentialAction\":[{\"@type\":\"SearchAction\",\"target\":{\"@type\":\"EntryPoint\",\"urlTemplate\":\"https:\/\/kasinobonus.ai\/es\/?s={search_term_string}\"},\"query-input\":{\"@type\":\"PropertyValueSpecification\",\"valueRequired\":true,\"valueName\":\"search_term_string\"}}],\"inLanguage\":\"es\"},{\"@type\":\"Organization\",\"@id\":\"https:\/\/kasinobonus.ai\/es\/#organization\",\"name\":\"KasinoBonus\",\"alternateName\":\"KasinoBonusAI\",\"url\":\"https:\/\/kasinobonus.ai\/es\/\",\"logo\":{\"@type\":\"ImageObject\",\"inLanguage\":\"es\",\"@id\":\"https:\/\/kasinobonus.ai\/es\/#\/schema\/logo\/image\/\",\"url\":\"https:\/\/kasinobonus.ai\/wp-content\/uploads\/2023\/09\/kasinobonus-logo-light.png\",\"contentUrl\":\"https:\/\/kasinobonus.ai\/wp-content\/uploads\/2023\/09\/kasinobonus-logo-light.png\",\"width\":3200,\"height\":596,\"caption\":\"KasinoBonus\"},\"image\":{\"@id\":\"https:\/\/kasinobonus.ai\/es\/#\/schema\/logo\/image\/\"},\"sameAs\":[\"https:\/\/www.facebook.com\/kasinobonusio\/\",\"https:\/\/x.com\/Kasinobonus_io\",\"https:\/\/www.linkedin.com\/in\/matti-slotte-26612033b\",\"http:\/\/kasinobonus.wikidot.com\/system:welcome\",\"https:\/\/www.trustpilot.com\/review\/kasinobonus.ai\",\"https:\/\/orcid.org\/0009-0007-2889-1713\",\"https:\/\/en.everybodywiki.com\/Matti_Slotte\",\"https:\/\/www.immuniweb.com\/ssl\/kasinobonus.ai\/M4lqCqYY\/\"]}]}<\/script>\n<!-- \/ Yoast SEO plugin. -->","yoast_head_json":{"title":"Bonos por Dep\u00f3sito 2025 - kasinobonus.ai","description":"Los mejores bonos por dep\u00f3sito. Encuentra los casinos con el bono de dep\u00f3sito m\u00e1s atractivo del mercado y \u00a1comienza a jugar de inmediato!","robots":{"index":"index","follow":"follow","max-snippet":"max-snippet:-1","max-image-preview":"max-image-preview:large","max-video-preview":"max-video-preview:-1"},"canonical":"https:\/\/kasinobonus.ai\/es\/bonos-por-deposito\/","schema":{"@context":"https:\/\/schema.org","@graph":[{"@type":"WebPage","@id":"https:\/\/kasinobonus.ai\/es\/bonos-por-deposito\/","url":"https:\/\/kasinobonus.ai\/es\/bonos-por-deposito\/","name":"Bonos por Dep\u00f3sito 2025 - kasinobonus.ai","isPartOf":{"@id":"https:\/\/kasinobonus.ai\/es\/#website"},"primaryImageOfPage":{"@id":"https:\/\/kasinobonus.ai\/es\/bonos-por-deposito\/#primaryimage"},"image":{"@id":"https:\/\/kasinobonus.ai\/es\/bonos-por-deposito\/#primaryimage"},"thumbnailUrl":"https:\/\/kasinobonus.ai\/wp-content\/uploads\/2024\/01\/bonos_por_deposito.jpg","datePublished":"2023-08-29T13:49:37+00:00","dateModified":"2025-06-22T15:12:34+00:00","description":"Los mejores bonos por dep\u00f3sito. Encuentra los casinos con el bono de dep\u00f3sito m\u00e1s atractivo del mercado y \u00a1comienza a jugar de inmediato!","breadcrumb":{"@id":"https:\/\/kasinobonus.ai\/es\/bonos-por-deposito\/#breadcrumb"},"inLanguage":"es","potentialAction":[{"@type":"ReadAction","target":["https:\/\/kasinobonus.ai\/es\/bonos-por-deposito\/"]}]},{"@type":"ImageObject","inLanguage":"es","@id":"https:\/\/kasinobonus.ai\/es\/bonos-por-deposito\/#primaryimage","url":"https:\/\/kasinobonus.ai\/wp-content\/uploads\/2024\/01\/bonos_por_deposito.jpg","contentUrl":"https:\/\/kasinobonus.ai\/wp-content\/uploads\/2024\/01\/bonos_por_deposito.jpg","width":1200,"height":628,"caption":"bonos por deposito"},{"@type":"BreadcrumbList","@id":"https:\/\/kasinobonus.ai\/es\/bonos-por-deposito\/#breadcrumb","itemListElement":[{"@type":"ListItem","position":1,"name":"Home","item":"https:\/\/kasinobonus.ai\/es\/"},{"@type":"ListItem","position":2,"name":"Mejores Bonos"}]},{"@type":"WebSite","@id":"https:\/\/kasinobonus.ai\/es\/#website","url":"https:\/\/kasinobonus.ai\/es\/","name":"kasinobonus.ai","description":"","publisher":{"@id":"https:\/\/kasinobonus.ai\/es\/#organization"},"potentialAction":[{"@type":"SearchAction","target":{"@type":"EntryPoint","urlTemplate":"https:\/\/kasinobonus.ai\/es\/?s={search_term_string}"},"query-input":{"@type":"PropertyValueSpecification","valueRequired":true,"valueName":"search_term_string"}}],"inLanguage":"es"},{"@type":"Organization","@id":"https:\/\/kasinobonus.ai\/es\/#organization","name":"KasinoBonus","alternateName":"KasinoBonusAI","url":"https:\/\/kasinobonus.ai\/es\/","logo":{"@type":"ImageObject","inLanguage":"es","@id":"https:\/\/kasinobonus.ai\/es\/#\/schema\/logo\/image\/","url":"https:\/\/kasinobonus.ai\/wp-content\/uploads\/2023\/09\/kasinobonus-logo-light.png","contentUrl":"https:\/\/kasinobonus.ai\/wp-content\/uploads\/2023\/09\/kasinobonus-logo-light.png","width":3200,"height":596,"caption":"KasinoBonus"},"image":{"@id":"https:\/\/kasinobonus.ai\/es\/#\/schema\/logo\/image\/"},"sameAs":["https:\/\/www.facebook.com\/kasinobonusio\/","https:\/\/x.com\/Kasinobonus_io","https:\/\/www.linkedin.com\/in\/matti-slotte-26612033b","http:\/\/kasinobonus.wikidot.com\/system:welcome","https:\/\/www.trustpilot.com\/review\/kasinobonus.ai","https:\/\/orcid.org\/0009-0007-2889-1713","https:\/\/en.everybodywiki.com\/Matti_Slotte","https:\/\/www.immuniweb.com\/ssl\/kasinobonus.ai\/M4lqCqYY\/"]}]}},"_links":{"self":[{"href":"https:\/\/kasinobonus.ai\/es\/wp-json\/wp\/v2\/pages\/13229","targetHints":{"allow":["GET"]}}],"collection":[{"href":"https:\/\/kasinobonus.ai\/es\/wp-json\/wp\/v2\/pages"}],"about":[{"href":"https:\/\/kasinobonus.ai\/es\/wp-json\/wp\/v2\/types\/page"}],"author":[{"embeddable":true,"href":"https:\/\/kasinobonus.ai\/es\/wp-json\/wp\/v2\/users\/1"}],"replies":[{"embeddable":true,"href":"https:\/\/kasinobonus.ai\/es\/wp-json\/wp\/v2\/comments?post=13229"}],"version-history":[{"count":2,"href":"https:\/\/kasinobonus.ai\/es\/wp-json\/wp\/v2\/pages\/13229\/revisions"}],"predecessor-version":[{"id":30674,"href":"https:\/\/kasinobonus.ai\/es\/wp-json\/wp\/v2\/pages\/13229\/revisions\/30674"}],"wp:featuredmedia":[{"embeddable":true,"href":"https:\/\/kasinobonus.ai\/es\/wp-json\/wp\/v2\/media\/13257"}],"wp:attachment":[{"href":"https:\/\/kasinobonus.ai\/es\/wp-json\/wp\/v2\/media?parent=13229"}],"curies":[{"name":"wp","href":"https:\/\/api.w.org\/{rel}","templated":true}]}}