{"id":13382,"date":"2023-08-29T13:58:33","date_gmt":"2023-08-29T13:58:33","guid":{"rendered":"http:\/\/kasinobonus.ai.dedivirt842.your-server.de\/400-talletusbonus\/"},"modified":"2025-06-22T14:16:59","modified_gmt":"2025-06-22T14:16:59","slug":"bono-de-deposito-del-400","status":"publish","type":"page","link":"https:\/\/kasinobonus.ai\/es\/bono-de-deposito-del-400\/","title":{"rendered":"Bono de Dep\u00f3sito del 400%"},"content":{"rendered":"\n<h1 class=\"wp-block-heading\">Mejor Bono de Dep\u00f3sito del 400 % en Espa\u00f1a<\/h1>\n\n\n\n<p>Un bono de dep\u00f3sito del 400% es una ENORME promoci\u00f3n ofrecida en ciertos casinos en l\u00ednea que te da<strong> cuatro veces tu dep\u00f3sito<\/strong> en fondos de bonificaci\u00f3n extra. Si, por ejemplo, depositas 100 euro , \u00a1tu cuenta recibir\u00e1 la incre\u00edble cantidad de 500 euro en fondos totales para que juegues con ellos!<\/p>\n\n\n\n<p>Naturalmente, los bonos por dep\u00f3sito del 400% no son los m\u00e1s f\u00e1ciles de conseguir, \u00a1pero en esta gu\u00eda te voy a mostrar d\u00f3nde encontrarlos y por qu\u00e9 puedes confiar en las recomendaciones de KasinoBonus!<\/p>\n\n\n\n<h2 class=\"wp-block-heading\">Casinos que Ofrecen Bonos del 400% 2025<\/h2>\n\n\n\n<p>Aunque los <a href=\"https:\/\/kasinobonus.ai\/es\/bonos-por-deposito\/\">bonos por dep\u00f3sito<\/a> del 400% en el Espa\u00f1a no son siempre los m\u00e1s f\u00e1ciles de encontrar, <em>hay <\/em>algunos casinos de renombre que los ofrecen actualmente. Si est\u00e1s buscando reclamar un bono del 400%, y quieres saber cu\u00e1les son los casinos m\u00e1s seguros para reclamarlos, echa un vistazo a nuestras selecciones personalizadas, a continuaci\u00f3n:<\/p>\n\n\n<p>[brand_table template=\u00bbtable_style_1.php\u00bb country=\u00bbES\u00bb bonus=\u00bb\u00bb]<\/p>\n\n\n\n<p>Una vez que hayas encontrado tu casino ideal, simplemente reg\u00edstrate y realiza un dep\u00f3sito v\u00e1lido, \u00a1y desbloquear\u00e1s tu bono del 400% de inmediato!<\/p>\n\n\n\n<h2 class=\"wp-block-heading\">C\u00f3mo Evaluamos los Casinos<\/h2>\n\n\n\n<p>En KasinoBonus sabemos lo importante que es encontrar y jugar en casinos en l\u00ednea seguros. \u00a1Por eso tenemos un equipo dedicado a probar, revisar y evaluar casinos las 24 horas del d\u00eda!<\/p>\n\n\n\n<p>Nuestro equipo entra y juega personalmente en cada casino que evaluamos, lo que nos permite ofrecerte nuestras experiencias honestas y de primera mano. Nos fijamos en diferentes par\u00e1metros, como la selecci\u00f3n de juegos, las condiciones de las bonificaciones, la velocidad de pago, los servicios de atenci\u00f3n al cliente y, por supuesto, la licencia y la seguridad.<\/p>\n\n\n\n<h2 class=\"wp-block-heading\">Ventajas &amp; Inconvenientes<\/h2>\n\n\n\n<figure class=\"wp-block-image size-full\"><img decoding=\"async\" width=\"1000\" height=\"666\" src=\"https:\/\/kasinobonus.ai\/wp-content\/uploads\/2025\/06\/KB-Bonos-por-Deposito.jpg\" alt=\"KB Bonos por Dep\u00f3sito\" class=\"wp-image-29758\" srcset=\"https:\/\/kasinobonus.ai\/wp-content\/uploads\/2025\/06\/KB-Bonos-por-Deposito.jpg 1000w, https:\/\/kasinobonus.ai\/wp-content\/uploads\/2025\/06\/KB-Bonos-por-Deposito-300x200.jpg 300w, https:\/\/kasinobonus.ai\/wp-content\/uploads\/2025\/06\/KB-Bonos-por-Deposito-768x511.jpg 768w, https:\/\/kasinobonus.ai\/wp-content\/uploads\/2025\/06\/KB-Bonos-por-Deposito-110x73.jpg 110w, https:\/\/kasinobonus.ai\/wp-content\/uploads\/2025\/06\/KB-Bonos-por-Deposito-575x383.jpg 575w\" sizes=\"(max-width: 1000px) 100vw, 1000px\" \/><\/figure>\n\n\n\n<div class=\"wp-block-columns is-layout-flex wp-container-core-columns-is-layout-28f84493 wp-block-columns-is-layout-flex\">\n<div class=\"wp-block-column is-layout-flow wp-block-column-is-layout-flow\">\n<h3 class=\"wp-block-heading\">\u2705 Ventajas<\/h3>\n\n\n\n<ul class=\"wp-block-list\">\n<li>\u2705 Montos de bonificaci\u00f3n m\u00e1s altos en comparaci\u00f3n con las ofertas sin dep\u00f3sito<\/li>\n\n\n\n<li>\u2705 Desbloquea el acceso a paquetes de bienvenida y beneficios VIP<\/li>\n\n\n\n<li>\u2705 A menudo incluye tanto dinero extra como giros gratuitos<\/li>\n\n\n\n<li>\u2705 Gran valor para los jugadores que ya planean depositar<\/li>\n\n\n\n<li>\u2705 Ampliamente aceptado en la mayor\u00eda de los casinos en l\u00ednea<\/li>\n<\/ul>\n<\/div>\n\n\n\n<div class=\"wp-block-column is-layout-flow wp-block-column-is-layout-flow\">\n<h3 class=\"wp-block-heading\">\u274c Desventajas<\/h3>\n\n\n\n<ul class=\"wp-block-list\">\n<li>\u274c Viene con requisitos de apuesta (a veces 30x\u201350x)<\/li>\n\n\n\n<li>\u274c Los fondos de bonificaci\u00f3n pueden bloquearse hasta que se cumplan las condiciones<\/li>\n\n\n\n<li>\u274c Algunos juegos est\u00e1n excluidos del juego de bonificaci\u00f3n<\/li>\n\n\n\n<li>\u274c Pueden aplicarse l\u00edmites m\u00e1ximos de apuestas al usar la bonificaci\u00f3n<\/li>\n\n\n\n<li>\u274c El retiro suele estar restringido hasta que se liquide la bonificaci\u00f3n<\/li>\n<\/ul>\n<\/div>\n<\/div>\n\n\n\n<h2 class=\"wp-block-heading\">Los mejores bonos de dep\u00f3sito en Espa\u00f1a<\/h2>\n\n\n\n<figure class=\"wp-block-table\"><table class=\"has-fixed-layout\"><thead><tr><th>Casino<\/th><th>Bono<\/th><th>Condiciones<\/th><th>C\u00f3digo\/Nota<\/th><th>Enlace<\/th><\/tr><\/thead><tbody><tr><td>FatPirate<\/td><td>Bono de bienvenida del 100% hasta 500\u202f\u20ac + 200 giros gratis<\/td><td>Bono con dep\u00f3sito<\/td><td>\u2013<\/td><td><a href=\"https:\/\/kasinobonus.ai\/go\/fatpirate\">Jugar ahora<\/a><\/td><\/tr><tr><td>Jet Casino<\/td><td>50 tiradas gratis sin dep\u00f3sito + Bono 100% hasta 300\u202f\u20ac<\/td><td>Sin dep\u00f3sito + bono con dep\u00f3sito<\/td><td>EXCLUSIVA<\/td><td><a href=\"https:\/\/kasinobonus.ai\/go\/jet\">Jugar ahora<\/a><\/td><\/tr><tr><td>Bet on Red<\/td><td>50 tiradas gratis sin dep\u00f3sito + Bono 100% hasta 100\u202f\u20ac + 150 giros a Gates of Olympus<\/td><td>Sin dep\u00f3sito + bono con dep\u00f3sito<\/td><td>BLITZ3<\/td><td><a href=\"https:\/\/kasinobonus.ai\/go\/betonred\">Jugar ahora<\/a><\/td><\/tr><tr><td>Drip Casino<\/td><td>50 tiradas gratis sin dep\u00f3sito + Bono del 150% hasta 600\u202f\u20ac<\/td><td>Sin dep\u00f3sito + bono con dep\u00f3sito<\/td><td>EXCLUSIVA<\/td><td><a href=\"https:\/\/kasinobonus.ai\/go\/drip\">Jugar ahora<\/a><\/td><\/tr><tr><td>Candy Casino<\/td><td>Bono sin dep\u00f3sito de 50\u202f\u20ac = 100 tiradas gratis (0,50\u202f\u20ac\/tirada). Apuesta x20, m\u00e1x. 3\u202f\u20ac por giro.<\/td><td>Completar KYC + email verificado<\/td><td>Valor: 50\u202f\u20ac sin dep\u00f3sito<\/td><td><a href=\"https:\/\/kasinobonus.ai\/go\/candy\">Jugar ahora<\/a><\/td><\/tr><\/tbody><\/table><\/figure>\n","protected":false},"excerpt":{"rendered":"<p>Mejor Bono de Dep\u00f3sito del 400 % en Espa\u00f1a Un bono de dep\u00f3sito del 400% es una ENORME promoci\u00f3n ofrecida en ciertos casinos en l\u00ednea que te da cuatro veces tu dep\u00f3sito en fondos de bonificaci\u00f3n extra. Si, por ejemplo, depositas 100 euro , \u00a1tu cuenta recibir\u00e1 la incre\u00edble cantidad de 500 euro en fondos [&hellip;]<\/p>\n","protected":false},"author":1,"featured_media":13384,"parent":0,"menu_order":0,"comment_status":"open","ping_status":"closed","template":"","meta":{"inline_featured_image":false,"footnotes":""},"class_list":["post-13382","page","type-page","status-publish","has-post-thumbnail","hentry"],"yoast_head":"<!-- This site is optimized with the Yoast SEO plugin v24.5 - https:\/\/yoast.com\/wordpress\/plugins\/seo\/ -->\n<title>Bono de Dep\u00f3sito del 400 % 2025 - kasinobonus.ai<\/title>\n<meta name=\"description\" content=\"\u00danete al mejor casino y aprovecha el bono de dep\u00f3sito del 400% - \u00a1multiplica tu capital de juego por cinco!\" \/>\n<meta name=\"robots\" content=\"index, follow, max-snippet:-1, max-image-preview:large, max-video-preview:-1\" \/>\n<link rel=\"canonical\" href=\"https:\/\/kasinobonus.ai\/es\/bono-de-deposito-del-400\/\" \/>\n<script type=\"application\/ld+json\" class=\"yoast-schema-graph\">{\"@context\":\"https:\/\/schema.org\",\"@graph\":[{\"@type\":\"WebPage\",\"@id\":\"https:\/\/kasinobonus.ai\/es\/bono-de-deposito-del-400\/\",\"url\":\"https:\/\/kasinobonus.ai\/es\/bono-de-deposito-del-400\/\",\"name\":\"Bono de Dep\u00f3sito del 400 % 2025 - kasinobonus.ai\",\"isPartOf\":{\"@id\":\"https:\/\/kasinobonus.ai\/es\/#website\"},\"primaryImageOfPage\":{\"@id\":\"https:\/\/kasinobonus.ai\/es\/bono-de-deposito-del-400\/#primaryimage\"},\"image\":{\"@id\":\"https:\/\/kasinobonus.ai\/es\/bono-de-deposito-del-400\/#primaryimage\"},\"thumbnailUrl\":\"https:\/\/kasinobonus.ai\/wp-content\/uploads\/2024\/01\/Bono_de_Deposito_del_400.jpg\",\"datePublished\":\"2023-08-29T13:58:33+00:00\",\"dateModified\":\"2025-06-22T14:16:59+00:00\",\"description\":\"\u00danete al mejor casino y aprovecha el bono de dep\u00f3sito del 400% - \u00a1multiplica tu capital de juego por cinco!\",\"breadcrumb\":{\"@id\":\"https:\/\/kasinobonus.ai\/es\/bono-de-deposito-del-400\/#breadcrumb\"},\"inLanguage\":\"es\",\"potentialAction\":[{\"@type\":\"ReadAction\",\"target\":[\"https:\/\/kasinobonus.ai\/es\/bono-de-deposito-del-400\/\"]}]},{\"@type\":\"ImageObject\",\"inLanguage\":\"es\",\"@id\":\"https:\/\/kasinobonus.ai\/es\/bono-de-deposito-del-400\/#primaryimage\",\"url\":\"https:\/\/kasinobonus.ai\/wp-content\/uploads\/2024\/01\/Bono_de_Deposito_del_400.jpg\",\"contentUrl\":\"https:\/\/kasinobonus.ai\/wp-content\/uploads\/2024\/01\/Bono_de_Deposito_del_400.jpg\",\"width\":1200,\"height\":628,\"caption\":\"Bono de Deposito del 400\"},{\"@type\":\"BreadcrumbList\",\"@id\":\"https:\/\/kasinobonus.ai\/es\/bono-de-deposito-del-400\/#breadcrumb\",\"itemListElement\":[{\"@type\":\"ListItem\",\"position\":1,\"name\":\"Home\",\"item\":\"https:\/\/kasinobonus.ai\/es\/\"},{\"@type\":\"ListItem\",\"position\":2,\"name\":\"Bono de Dep\u00f3sito del 400%\"}]},{\"@type\":\"WebSite\",\"@id\":\"https:\/\/kasinobonus.ai\/es\/#website\",\"url\":\"https:\/\/kasinobonus.ai\/es\/\",\"name\":\"kasinobonus.ai\",\"description\":\"\",\"publisher\":{\"@id\":\"https:\/\/kasinobonus.ai\/es\/#organization\"},\"potentialAction\":[{\"@type\":\"SearchAction\",\"target\":{\"@type\":\"EntryPoint\",\"urlTemplate\":\"https:\/\/kasinobonus.ai\/es\/?s={search_term_string}\"},\"query-input\":{\"@type\":\"PropertyValueSpecification\",\"valueRequired\":true,\"valueName\":\"search_term_string\"}}],\"inLanguage\":\"es\"},{\"@type\":\"Organization\",\"@id\":\"https:\/\/kasinobonus.ai\/es\/#organization\",\"name\":\"KasinoBonus\",\"alternateName\":\"KasinoBonusAI\",\"url\":\"https:\/\/kasinobonus.ai\/es\/\",\"logo\":{\"@type\":\"ImageObject\",\"inLanguage\":\"es\",\"@id\":\"https:\/\/kasinobonus.ai\/es\/#\/schema\/logo\/image\/\",\"url\":\"https:\/\/kasinobonus.ai\/wp-content\/uploads\/2023\/09\/kasinobonus-logo-light.png\",\"contentUrl\":\"https:\/\/kasinobonus.ai\/wp-content\/uploads\/2023\/09\/kasinobonus-logo-light.png\",\"width\":3200,\"height\":596,\"caption\":\"KasinoBonus\"},\"image\":{\"@id\":\"https:\/\/kasinobonus.ai\/es\/#\/schema\/logo\/image\/\"},\"sameAs\":[\"https:\/\/www.facebook.com\/kasinobonusio\/\",\"https:\/\/x.com\/Kasinobonus_io\",\"https:\/\/www.linkedin.com\/in\/matti-slotte-26612033b\",\"http:\/\/kasinobonus.wikidot.com\/system:welcome\",\"https:\/\/www.trustpilot.com\/review\/kasinobonus.ai\",\"https:\/\/orcid.org\/0009-0007-2889-1713\",\"https:\/\/en.everybodywiki.com\/Matti_Slotte\",\"https:\/\/www.immuniweb.com\/ssl\/kasinobonus.ai\/M4lqCqYY\/\"]}]}<\/script>\n<!-- \/ Yoast SEO plugin. -->","yoast_head_json":{"title":"Bono de Dep\u00f3sito del 400 % 2025 - kasinobonus.ai","description":"\u00danete al mejor casino y aprovecha el bono de dep\u00f3sito del 400% - \u00a1multiplica tu capital de juego por cinco!","robots":{"index":"index","follow":"follow","max-snippet":"max-snippet:-1","max-image-preview":"max-image-preview:large","max-video-preview":"max-video-preview:-1"},"canonical":"https:\/\/kasinobonus.ai\/es\/bono-de-deposito-del-400\/","schema":{"@context":"https:\/\/schema.org","@graph":[{"@type":"WebPage","@id":"https:\/\/kasinobonus.ai\/es\/bono-de-deposito-del-400\/","url":"https:\/\/kasinobonus.ai\/es\/bono-de-deposito-del-400\/","name":"Bono de Dep\u00f3sito del 400 % 2025 - kasinobonus.ai","isPartOf":{"@id":"https:\/\/kasinobonus.ai\/es\/#website"},"primaryImageOfPage":{"@id":"https:\/\/kasinobonus.ai\/es\/bono-de-deposito-del-400\/#primaryimage"},"image":{"@id":"https:\/\/kasinobonus.ai\/es\/bono-de-deposito-del-400\/#primaryimage"},"thumbnailUrl":"https:\/\/kasinobonus.ai\/wp-content\/uploads\/2024\/01\/Bono_de_Deposito_del_400.jpg","datePublished":"2023-08-29T13:58:33+00:00","dateModified":"2025-06-22T14:16:59+00:00","description":"\u00danete al mejor casino y aprovecha el bono de dep\u00f3sito del 400% - \u00a1multiplica tu capital de juego por cinco!","breadcrumb":{"@id":"https:\/\/kasinobonus.ai\/es\/bono-de-deposito-del-400\/#breadcrumb"},"inLanguage":"es","potentialAction":[{"@type":"ReadAction","target":["https:\/\/kasinobonus.ai\/es\/bono-de-deposito-del-400\/"]}]},{"@type":"ImageObject","inLanguage":"es","@id":"https:\/\/kasinobonus.ai\/es\/bono-de-deposito-del-400\/#primaryimage","url":"https:\/\/kasinobonus.ai\/wp-content\/uploads\/2024\/01\/Bono_de_Deposito_del_400.jpg","contentUrl":"https:\/\/kasinobonus.ai\/wp-content\/uploads\/2024\/01\/Bono_de_Deposito_del_400.jpg","width":1200,"height":628,"caption":"Bono de Deposito del 400"},{"@type":"BreadcrumbList","@id":"https:\/\/kasinobonus.ai\/es\/bono-de-deposito-del-400\/#breadcrumb","itemListElement":[{"@type":"ListItem","position":1,"name":"Home","item":"https:\/\/kasinobonus.ai\/es\/"},{"@type":"ListItem","position":2,"name":"Bono de Dep\u00f3sito del 400%"}]},{"@type":"WebSite","@id":"https:\/\/kasinobonus.ai\/es\/#website","url":"https:\/\/kasinobonus.ai\/es\/","name":"kasinobonus.ai","description":"","publisher":{"@id":"https:\/\/kasinobonus.ai\/es\/#organization"},"potentialAction":[{"@type":"SearchAction","target":{"@type":"EntryPoint","urlTemplate":"https:\/\/kasinobonus.ai\/es\/?s={search_term_string}"},"query-input":{"@type":"PropertyValueSpecification","valueRequired":true,"valueName":"search_term_string"}}],"inLanguage":"es"},{"@type":"Organization","@id":"https:\/\/kasinobonus.ai\/es\/#organization","name":"KasinoBonus","alternateName":"KasinoBonusAI","url":"https:\/\/kasinobonus.ai\/es\/","logo":{"@type":"ImageObject","inLanguage":"es","@id":"https:\/\/kasinobonus.ai\/es\/#\/schema\/logo\/image\/","url":"https:\/\/kasinobonus.ai\/wp-content\/uploads\/2023\/09\/kasinobonus-logo-light.png","contentUrl":"https:\/\/kasinobonus.ai\/wp-content\/uploads\/2023\/09\/kasinobonus-logo-light.png","width":3200,"height":596,"caption":"KasinoBonus"},"image":{"@id":"https:\/\/kasinobonus.ai\/es\/#\/schema\/logo\/image\/"},"sameAs":["https:\/\/www.facebook.com\/kasinobonusio\/","https:\/\/x.com\/Kasinobonus_io","https:\/\/www.linkedin.com\/in\/matti-slotte-26612033b","http:\/\/kasinobonus.wikidot.com\/system:welcome","https:\/\/www.trustpilot.com\/review\/kasinobonus.ai","https:\/\/orcid.org\/0009-0007-2889-1713","https:\/\/en.everybodywiki.com\/Matti_Slotte","https:\/\/www.immuniweb.com\/ssl\/kasinobonus.ai\/M4lqCqYY\/"]}]}},"_links":{"self":[{"href":"https:\/\/kasinobonus.ai\/es\/wp-json\/wp\/v2\/pages\/13382","targetHints":{"allow":["GET"]}}],"collection":[{"href":"https:\/\/kasinobonus.ai\/es\/wp-json\/wp\/v2\/pages"}],"about":[{"href":"https:\/\/kasinobonus.ai\/es\/wp-json\/wp\/v2\/types\/page"}],"author":[{"embeddable":true,"href":"https:\/\/kasinobonus.ai\/es\/wp-json\/wp\/v2\/users\/1"}],"replies":[{"embeddable":true,"href":"https:\/\/kasinobonus.ai\/es\/wp-json\/wp\/v2\/comments?post=13382"}],"version-history":[{"count":3,"href":"https:\/\/kasinobonus.ai\/es\/wp-json\/wp\/v2\/pages\/13382\/revisions"}],"predecessor-version":[{"id":30670,"href":"https:\/\/kasinobonus.ai\/es\/wp-json\/wp\/v2\/pages\/13382\/revisions\/30670"}],"wp:featuredmedia":[{"embeddable":true,"href":"https:\/\/kasinobonus.ai\/es\/wp-json\/wp\/v2\/media\/13384"}],"wp:attachment":[{"href":"https:\/\/kasinobonus.ai\/es\/wp-json\/wp\/v2\/media?parent=13382"}],"curies":[{"name":"wp","href":"https:\/\/api.w.org\/{rel}","templated":true}]}}