{"id":13413,"date":"2023-08-29T13:58:44","date_gmt":"2023-08-29T13:58:44","guid":{"rendered":"http:\/\/kasinobonus.ai.dedivirt842.your-server.de\/500-talletusbonus\/"},"modified":"2025-06-22T14:16:51","modified_gmt":"2025-06-22T14:16:51","slug":"bono-de-deposito-del-500","status":"publish","type":"page","link":"https:\/\/kasinobonus.ai\/es\/bono-de-deposito-del-500\/","title":{"rendered":"Bono de Dep\u00f3sito del 500%"},"content":{"rendered":"\n<h1 class=\"wp-block-heading\">Mejor Bono de Dep\u00f3sito del 500 % en Espa\u00f1a<\/h1>\n\n\n\n<p>Los bonos de dep\u00f3sito del 500% son algunos de los m\u00e1s raros y valiosos potenciadores de fondos que encontrar\u00e1s en el mundo de las apuestas en l\u00ednea, \u00a1d\u00e1ndote la incre\u00edble cantidad de <strong>cinco veces el importe de tu dep\u00f3sito en fondos de bonificaci\u00f3n!<\/strong> Un dep\u00f3sito de 20 euro, por ejemplo, har\u00eda que tu fondo alcanzara la impresionante cifra de 120 euro, \u00a1lo que hace que estas bonificaciones sean excelentes para pr\u00e1cticamente cualquier tipo de jugador!<\/p>\n\n\n\n<p>A menudo se reservan para los VIP, pero si sabes d\u00f3nde buscar, tambi\u00e9n puedes encontrar estos <a class=\"\" href=\"https:\/\/kasinobonus.ai\/es\/bonos-por-deposito\/\">bonos por dep\u00f3sito<\/a> para los nuevos clientes. \u00a1Y en esta p\u00e1gina te voy a mostrar exactamente d\u00f3nde encontrar estas ofertas tan lucrativas!<\/p>\n\n\n\n<h2 class=\"wp-block-heading\">Casinos que Ofrecen Bonos del 500% en 2025<\/h2>\n\n\n\n<p>Un bono de dep\u00f3sito del 500% es raro de encontrar, pero cuando lo encuentras, puede ser una forma incre\u00edble de aumentar tu saldo. Dado que estos bonos te dan un gran aumento de fondos, no son tan f\u00e1ciles de encontrar como los bonos de dep\u00f3sito equivalentes al 100% o al 200%, pero se <em>pueden <\/em>encontrar.<\/p>\n\n\n\n<p>Para ayudarte, he elaborado una lista de los mejores casinos del Espa\u00f1a que ofrecen bonos de dep\u00f3sito de 500%. Echa un vistazo a mis recomendaciones a continuaci\u00f3n:<\/p>\n\n\n<p>[brand_table template=\u00bbtable_style_1.php\u00bb country=\u00bbES\u00bb bonus=\u00bb\u00bb]<\/p>\n\n\n\n<p>Una vez que hayas elegido un casino, reg\u00edstrate, \u00a1haz un dep\u00f3sito y desbloquea tu bono de 500%!<\/p>\n\n\n\n<h2 class=\"wp-block-heading\">C\u00f3mo Evaluamos los Casinos<\/h2>\n\n\n\n<p>Cuando evaluamos casinos con bonos de dep\u00f3sito del 500%, nos centramos en una serie de factores para asegurarnos de que los jugadores disfrutan de una experiencia valiosa y justa. Lo primero que compruebo es la licencia y la regulaci\u00f3n; cualquier casino que ofrezca este tipo de promoci\u00f3n debe tener licencia completa y una reputaci\u00f3n de confianza.<\/p>\n\n\n\n<p>Una vez que estoy satisfecho con esto, me fijo en los t\u00e9rminos y condiciones de los bonos. Un bono de dep\u00f3sito del 500% parece interesante, pero si viene con unos requisitos de apuesta rid\u00edculamente altos o unos l\u00edmites m\u00e1ximos de retirada de dinero bajos, no tiene mucho sentido reclamarlo. Tambi\u00e9n me fijo en aspectos como la variedad de juegos, la rapidez de los pagos y los servicios de atenci\u00f3n al clientes.<\/p>\n\n\n\n<h2 class=\"wp-block-heading\">\u00bfMerecen la Pena los Bonos por Dep\u00f3sito de 500%?<\/h2>\n\n\n\n<p>Un bono de dep\u00f3sito del 500% puede ser una de las mejores formas de aumentar tu saldo, pero no siempre es la mejor opci\u00f3n para todos los jugadores. Si el bono viene con unos requisitos de apuesta justos y unos l\u00edmites de retirada razonables, entonces s\u00ed, puede ser una buena elecci\u00f3n.<\/p>\n\n\n\n<p>Sin embargo, si el bono tiene condiciones de apuesta realmente altas, retiros m\u00e1ximos bajos o fuertes restricciones de juego, puede que no sea tan bueno como parece. Por eso es importante jugar en uno de los casinos recomendados aqu\u00ed en KasinoBonus, para que pueda <em>asegurarse <\/em>de que est\u00e1 recibiendo el mejor bono posible.<\/p>\n\n\n\n<h2 class=\"wp-block-heading\">Ventajas &amp; Inconvenientes<\/h2>\n\n\n\n<figure class=\"wp-block-image size-full\"><img decoding=\"async\" width=\"1000\" height=\"666\" src=\"https:\/\/kasinobonus.ai\/wp-content\/uploads\/2025\/06\/KB-Bonos-por-Deposito.jpg\" alt=\"KB Bonos por Dep\u00f3sito\" class=\"wp-image-29758\" srcset=\"https:\/\/kasinobonus.ai\/wp-content\/uploads\/2025\/06\/KB-Bonos-por-Deposito.jpg 1000w, https:\/\/kasinobonus.ai\/wp-content\/uploads\/2025\/06\/KB-Bonos-por-Deposito-300x200.jpg 300w, https:\/\/kasinobonus.ai\/wp-content\/uploads\/2025\/06\/KB-Bonos-por-Deposito-768x511.jpg 768w, https:\/\/kasinobonus.ai\/wp-content\/uploads\/2025\/06\/KB-Bonos-por-Deposito-110x73.jpg 110w, https:\/\/kasinobonus.ai\/wp-content\/uploads\/2025\/06\/KB-Bonos-por-Deposito-575x383.jpg 575w\" sizes=\"(max-width: 1000px) 100vw, 1000px\" \/><\/figure>\n\n\n\n<div class=\"wp-block-columns is-layout-flex wp-container-core-columns-is-layout-28f84493 wp-block-columns-is-layout-flex\">\n<div class=\"wp-block-column is-layout-flow wp-block-column-is-layout-flow\">\n<h3 class=\"wp-block-heading\">\u2705 Ventajas<\/h3>\n\n\n\n<ul class=\"wp-block-list\">\n<li>\u2705 Montos de bonificaci\u00f3n m\u00e1s altos en comparaci\u00f3n con las ofertas sin dep\u00f3sito<\/li>\n\n\n\n<li>\u2705 Desbloquea el acceso a paquetes de bienvenida y beneficios VIP<\/li>\n\n\n\n<li>\u2705 A menudo incluye tanto dinero extra como giros gratuitos<\/li>\n\n\n\n<li>\u2705 Gran valor para los jugadores que ya planean depositar<\/li>\n\n\n\n<li>\u2705 Ampliamente aceptado en la mayor\u00eda de los casinos en l\u00ednea<\/li>\n<\/ul>\n<\/div>\n\n\n\n<div class=\"wp-block-column is-layout-flow wp-block-column-is-layout-flow\">\n<h3 class=\"wp-block-heading\">\u274c Desventajas<\/h3>\n\n\n\n<ul class=\"wp-block-list\">\n<li>\u274c Viene con requisitos de apuesta (a veces 30x\u201350x)<\/li>\n\n\n\n<li>\u274c Los fondos de bonificaci\u00f3n pueden bloquearse hasta que se cumplan las condiciones<\/li>\n\n\n\n<li>\u274c Algunos juegos est\u00e1n excluidos del juego de bonificaci\u00f3n<\/li>\n\n\n\n<li>\u274c Pueden aplicarse l\u00edmites m\u00e1ximos de apuestas al usar la bonificaci\u00f3n<\/li>\n\n\n\n<li>\u274c El retiro suele estar restringido hasta que se liquide la bonificaci\u00f3n<\/li>\n<\/ul>\n<\/div>\n<\/div>\n\n\n\n<h2 class=\"wp-block-heading\">Los mejores bonos de dep\u00f3sito en Espa\u00f1a<\/h2>\n\n\n\n<figure class=\"wp-block-table\"><table class=\"has-fixed-layout\"><thead><tr><th>Casino<\/th><th>Bono<\/th><th>Condiciones<\/th><th>C\u00f3digo\/Nota<\/th><th>Enlace<\/th><\/tr><\/thead><tbody><tr><td>FatPirate<\/td><td>Bono de bienvenida del 100% hasta 500\u202f\u20ac + 200 giros gratis<\/td><td>Bono con dep\u00f3sito<\/td><td>\u2013<\/td><td><a href=\"https:\/\/kasinobonus.ai\/go\/fatpirate\">Jugar ahora<\/a><\/td><\/tr><tr><td>Jet Casino<\/td><td>50 tiradas gratis sin dep\u00f3sito + Bono 100% hasta 300\u202f\u20ac<\/td><td>Sin dep\u00f3sito + bono con dep\u00f3sito<\/td><td>EXCLUSIVA<\/td><td><a href=\"https:\/\/kasinobonus.ai\/go\/jet\">Jugar ahora<\/a><\/td><\/tr><tr><td>Bet on Red<\/td><td>50 tiradas gratis sin dep\u00f3sito + Bono 100% hasta 100\u202f\u20ac + 150 giros a Gates of Olympus<\/td><td>Sin dep\u00f3sito + bono con dep\u00f3sito<\/td><td>BLITZ3<\/td><td><a href=\"https:\/\/kasinobonus.ai\/go\/betonred\">Jugar ahora<\/a><\/td><\/tr><tr><td>Drip Casino<\/td><td>50 tiradas gratis sin dep\u00f3sito + Bono del 150% hasta 600\u202f\u20ac<\/td><td>Sin dep\u00f3sito + bono con dep\u00f3sito<\/td><td>EXCLUSIVA<\/td><td><a href=\"https:\/\/kasinobonus.ai\/go\/drip\">Jugar ahora<\/a><\/td><\/tr><tr><td>Candy Casino<\/td><td>Bono sin dep\u00f3sito de 50\u202f\u20ac = 100 tiradas gratis (0,50\u202f\u20ac\/tirada). Apuesta x20, m\u00e1x. 3\u202f\u20ac por giro.<\/td><td>Completar KYC + email verificado<\/td><td>Valor: 50\u202f\u20ac sin dep\u00f3sito<\/td><td><a href=\"https:\/\/kasinobonus.ai\/go\/candy\">Jugar ahora<\/a><\/td><\/tr><\/tbody><\/table><\/figure>\n\n\n\n<h2 class=\"wp-block-heading\" id=\"tw-target-text\">Recursos sobre juego responsable<\/h2>\n\n\n\n<ul class=\"wp-block-list\">\n<li><a href=\"https:\/\/www.jugarbien.es\">https:\/\/www.jugarbien.es<\/a><\/li>\n\n\n\n<li><a href=\"https:\/\/www.ordenacionjuego.gob.es\">https:\/\/www.ordenacionjuego.gob.es<\/a> <\/li>\n\n\n\n<li><a href=\"https:\/\/fejar.org\/\">https:\/\/fejar.org\/<\/a>  <\/li>\n\n\n\n<li><a href=\"https:\/\/www.juegoesresponsable.org\/\">https:\/\/www.juegoesresponsable.org\/<\/a><\/li>\n<\/ul>\n","protected":false},"excerpt":{"rendered":"<p>Mejor Bono de Dep\u00f3sito del 500 % en Espa\u00f1a Los bonos de dep\u00f3sito del 500% son algunos de los m\u00e1s raros y valiosos potenciadores de fondos que encontrar\u00e1s en el mundo de las apuestas en l\u00ednea, \u00a1d\u00e1ndote la incre\u00edble cantidad de cinco veces el importe de tu dep\u00f3sito en fondos de bonificaci\u00f3n! Un dep\u00f3sito de [&hellip;]<\/p>\n","protected":false},"author":1,"featured_media":13415,"parent":0,"menu_order":0,"comment_status":"open","ping_status":"closed","template":"","meta":{"inline_featured_image":false,"footnotes":""},"class_list":["post-13413","page","type-page","status-publish","has-post-thumbnail","hentry"],"yoast_head":"<!-- This site is optimized with the Yoast SEO plugin v24.5 - https:\/\/yoast.com\/wordpress\/plugins\/seo\/ -->\n<title>Bono de Dep\u00f3sito del 500 % 2025 - kasinobonus.ai<\/title>\n<meta name=\"description\" content=\"Descubre el Bono de dep\u00f3sito del 500% en casinos, una oportunidad \u00fanica para multiplicar tu dep\u00f3sito y disfrutar m\u00e1s de tus juegos favoritos\" \/>\n<meta name=\"robots\" content=\"index, follow, max-snippet:-1, max-image-preview:large, max-video-preview:-1\" \/>\n<link rel=\"canonical\" href=\"https:\/\/kasinobonus.ai\/es\/bono-de-deposito-del-500\/\" \/>\n<script type=\"application\/ld+json\" class=\"yoast-schema-graph\">{\"@context\":\"https:\/\/schema.org\",\"@graph\":[{\"@type\":\"WebPage\",\"@id\":\"https:\/\/kasinobonus.ai\/es\/bono-de-deposito-del-500\/\",\"url\":\"https:\/\/kasinobonus.ai\/es\/bono-de-deposito-del-500\/\",\"name\":\"Bono de Dep\u00f3sito del 500 % 2025 - kasinobonus.ai\",\"isPartOf\":{\"@id\":\"https:\/\/kasinobonus.ai\/es\/#website\"},\"primaryImageOfPage\":{\"@id\":\"https:\/\/kasinobonus.ai\/es\/bono-de-deposito-del-500\/#primaryimage\"},\"image\":{\"@id\":\"https:\/\/kasinobonus.ai\/es\/bono-de-deposito-del-500\/#primaryimage\"},\"thumbnailUrl\":\"https:\/\/kasinobonus.ai\/wp-content\/uploads\/2024\/01\/Bono_de_Deposito_del_500.jpg\",\"datePublished\":\"2023-08-29T13:58:44+00:00\",\"dateModified\":\"2025-06-22T14:16:51+00:00\",\"description\":\"Descubre el Bono de dep\u00f3sito del 500% en casinos, una oportunidad \u00fanica para multiplicar tu dep\u00f3sito y disfrutar m\u00e1s de tus juegos favoritos\",\"breadcrumb\":{\"@id\":\"https:\/\/kasinobonus.ai\/es\/bono-de-deposito-del-500\/#breadcrumb\"},\"inLanguage\":\"es\",\"potentialAction\":[{\"@type\":\"ReadAction\",\"target\":[\"https:\/\/kasinobonus.ai\/es\/bono-de-deposito-del-500\/\"]}]},{\"@type\":\"ImageObject\",\"inLanguage\":\"es\",\"@id\":\"https:\/\/kasinobonus.ai\/es\/bono-de-deposito-del-500\/#primaryimage\",\"url\":\"https:\/\/kasinobonus.ai\/wp-content\/uploads\/2024\/01\/Bono_de_Deposito_del_500.jpg\",\"contentUrl\":\"https:\/\/kasinobonus.ai\/wp-content\/uploads\/2024\/01\/Bono_de_Deposito_del_500.jpg\",\"width\":1200,\"height\":628,\"caption\":\"Bono de Deposito del 500\"},{\"@type\":\"BreadcrumbList\",\"@id\":\"https:\/\/kasinobonus.ai\/es\/bono-de-deposito-del-500\/#breadcrumb\",\"itemListElement\":[{\"@type\":\"ListItem\",\"position\":1,\"name\":\"Home\",\"item\":\"https:\/\/kasinobonus.ai\/es\/\"},{\"@type\":\"ListItem\",\"position\":2,\"name\":\"Bono de Dep\u00f3sito del 500%\"}]},{\"@type\":\"WebSite\",\"@id\":\"https:\/\/kasinobonus.ai\/es\/#website\",\"url\":\"https:\/\/kasinobonus.ai\/es\/\",\"name\":\"kasinobonus.ai\",\"description\":\"\",\"publisher\":{\"@id\":\"https:\/\/kasinobonus.ai\/es\/#organization\"},\"potentialAction\":[{\"@type\":\"SearchAction\",\"target\":{\"@type\":\"EntryPoint\",\"urlTemplate\":\"https:\/\/kasinobonus.ai\/es\/?s={search_term_string}\"},\"query-input\":{\"@type\":\"PropertyValueSpecification\",\"valueRequired\":true,\"valueName\":\"search_term_string\"}}],\"inLanguage\":\"es\"},{\"@type\":\"Organization\",\"@id\":\"https:\/\/kasinobonus.ai\/es\/#organization\",\"name\":\"KasinoBonus\",\"alternateName\":\"KasinoBonusAI\",\"url\":\"https:\/\/kasinobonus.ai\/es\/\",\"logo\":{\"@type\":\"ImageObject\",\"inLanguage\":\"es\",\"@id\":\"https:\/\/kasinobonus.ai\/es\/#\/schema\/logo\/image\/\",\"url\":\"https:\/\/kasinobonus.ai\/wp-content\/uploads\/2023\/09\/kasinobonus-logo-light.png\",\"contentUrl\":\"https:\/\/kasinobonus.ai\/wp-content\/uploads\/2023\/09\/kasinobonus-logo-light.png\",\"width\":3200,\"height\":596,\"caption\":\"KasinoBonus\"},\"image\":{\"@id\":\"https:\/\/kasinobonus.ai\/es\/#\/schema\/logo\/image\/\"},\"sameAs\":[\"https:\/\/www.facebook.com\/kasinobonusio\/\",\"https:\/\/x.com\/Kasinobonus_io\",\"https:\/\/www.linkedin.com\/in\/matti-slotte-26612033b\",\"http:\/\/kasinobonus.wikidot.com\/system:welcome\",\"https:\/\/www.trustpilot.com\/review\/kasinobonus.ai\",\"https:\/\/orcid.org\/0009-0007-2889-1713\",\"https:\/\/en.everybodywiki.com\/Matti_Slotte\",\"https:\/\/www.immuniweb.com\/ssl\/kasinobonus.ai\/M4lqCqYY\/\"]}]}<\/script>\n<!-- \/ Yoast SEO plugin. -->","yoast_head_json":{"title":"Bono de Dep\u00f3sito del 500 % 2025 - kasinobonus.ai","description":"Descubre el Bono de dep\u00f3sito del 500% en casinos, una oportunidad \u00fanica para multiplicar tu dep\u00f3sito y disfrutar m\u00e1s de tus juegos favoritos","robots":{"index":"index","follow":"follow","max-snippet":"max-snippet:-1","max-image-preview":"max-image-preview:large","max-video-preview":"max-video-preview:-1"},"canonical":"https:\/\/kasinobonus.ai\/es\/bono-de-deposito-del-500\/","schema":{"@context":"https:\/\/schema.org","@graph":[{"@type":"WebPage","@id":"https:\/\/kasinobonus.ai\/es\/bono-de-deposito-del-500\/","url":"https:\/\/kasinobonus.ai\/es\/bono-de-deposito-del-500\/","name":"Bono de Dep\u00f3sito del 500 % 2025 - kasinobonus.ai","isPartOf":{"@id":"https:\/\/kasinobonus.ai\/es\/#website"},"primaryImageOfPage":{"@id":"https:\/\/kasinobonus.ai\/es\/bono-de-deposito-del-500\/#primaryimage"},"image":{"@id":"https:\/\/kasinobonus.ai\/es\/bono-de-deposito-del-500\/#primaryimage"},"thumbnailUrl":"https:\/\/kasinobonus.ai\/wp-content\/uploads\/2024\/01\/Bono_de_Deposito_del_500.jpg","datePublished":"2023-08-29T13:58:44+00:00","dateModified":"2025-06-22T14:16:51+00:00","description":"Descubre el Bono de dep\u00f3sito del 500% en casinos, una oportunidad \u00fanica para multiplicar tu dep\u00f3sito y disfrutar m\u00e1s de tus juegos favoritos","breadcrumb":{"@id":"https:\/\/kasinobonus.ai\/es\/bono-de-deposito-del-500\/#breadcrumb"},"inLanguage":"es","potentialAction":[{"@type":"ReadAction","target":["https:\/\/kasinobonus.ai\/es\/bono-de-deposito-del-500\/"]}]},{"@type":"ImageObject","inLanguage":"es","@id":"https:\/\/kasinobonus.ai\/es\/bono-de-deposito-del-500\/#primaryimage","url":"https:\/\/kasinobonus.ai\/wp-content\/uploads\/2024\/01\/Bono_de_Deposito_del_500.jpg","contentUrl":"https:\/\/kasinobonus.ai\/wp-content\/uploads\/2024\/01\/Bono_de_Deposito_del_500.jpg","width":1200,"height":628,"caption":"Bono de Deposito del 500"},{"@type":"BreadcrumbList","@id":"https:\/\/kasinobonus.ai\/es\/bono-de-deposito-del-500\/#breadcrumb","itemListElement":[{"@type":"ListItem","position":1,"name":"Home","item":"https:\/\/kasinobonus.ai\/es\/"},{"@type":"ListItem","position":2,"name":"Bono de Dep\u00f3sito del 500%"}]},{"@type":"WebSite","@id":"https:\/\/kasinobonus.ai\/es\/#website","url":"https:\/\/kasinobonus.ai\/es\/","name":"kasinobonus.ai","description":"","publisher":{"@id":"https:\/\/kasinobonus.ai\/es\/#organization"},"potentialAction":[{"@type":"SearchAction","target":{"@type":"EntryPoint","urlTemplate":"https:\/\/kasinobonus.ai\/es\/?s={search_term_string}"},"query-input":{"@type":"PropertyValueSpecification","valueRequired":true,"valueName":"search_term_string"}}],"inLanguage":"es"},{"@type":"Organization","@id":"https:\/\/kasinobonus.ai\/es\/#organization","name":"KasinoBonus","alternateName":"KasinoBonusAI","url":"https:\/\/kasinobonus.ai\/es\/","logo":{"@type":"ImageObject","inLanguage":"es","@id":"https:\/\/kasinobonus.ai\/es\/#\/schema\/logo\/image\/","url":"https:\/\/kasinobonus.ai\/wp-content\/uploads\/2023\/09\/kasinobonus-logo-light.png","contentUrl":"https:\/\/kasinobonus.ai\/wp-content\/uploads\/2023\/09\/kasinobonus-logo-light.png","width":3200,"height":596,"caption":"KasinoBonus"},"image":{"@id":"https:\/\/kasinobonus.ai\/es\/#\/schema\/logo\/image\/"},"sameAs":["https:\/\/www.facebook.com\/kasinobonusio\/","https:\/\/x.com\/Kasinobonus_io","https:\/\/www.linkedin.com\/in\/matti-slotte-26612033b","http:\/\/kasinobonus.wikidot.com\/system:welcome","https:\/\/www.trustpilot.com\/review\/kasinobonus.ai","https:\/\/orcid.org\/0009-0007-2889-1713","https:\/\/en.everybodywiki.com\/Matti_Slotte","https:\/\/www.immuniweb.com\/ssl\/kasinobonus.ai\/M4lqCqYY\/"]}]}},"_links":{"self":[{"href":"https:\/\/kasinobonus.ai\/es\/wp-json\/wp\/v2\/pages\/13413","targetHints":{"allow":["GET"]}}],"collection":[{"href":"https:\/\/kasinobonus.ai\/es\/wp-json\/wp\/v2\/pages"}],"about":[{"href":"https:\/\/kasinobonus.ai\/es\/wp-json\/wp\/v2\/types\/page"}],"author":[{"embeddable":true,"href":"https:\/\/kasinobonus.ai\/es\/wp-json\/wp\/v2\/users\/1"}],"replies":[{"embeddable":true,"href":"https:\/\/kasinobonus.ai\/es\/wp-json\/wp\/v2\/comments?post=13413"}],"version-history":[{"count":3,"href":"https:\/\/kasinobonus.ai\/es\/wp-json\/wp\/v2\/pages\/13413\/revisions"}],"predecessor-version":[{"id":30669,"href":"https:\/\/kasinobonus.ai\/es\/wp-json\/wp\/v2\/pages\/13413\/revisions\/30669"}],"wp:featuredmedia":[{"embeddable":true,"href":"https:\/\/kasinobonus.ai\/es\/wp-json\/wp\/v2\/media\/13415"}],"wp:attachment":[{"href":"https:\/\/kasinobonus.ai\/es\/wp-json\/wp\/v2\/media?parent=13413"}],"curies":[{"name":"wp","href":"https:\/\/api.w.org\/{rel}","templated":true}]}}